{"id":2026,"date":"2025-11-10T13:57:29","date_gmt":"2025-11-10T13:57:29","guid":{"rendered":"https:\/\/kursai.ryteryjutaveakim.com\/contact\/"},"modified":"2025-12-19T09:30:45","modified_gmt":"2025-12-19T09:30:45","slug":"contact","status":"publish","type":"page","link":"https:\/\/kursai.ryteryjutaveakim.com\/en\/contact\/","title":{"rendered":"Contact"},"content":{"rendered":"<div data-elementor-type=\"wp-page\" data-elementor-id=\"2026\" class=\"elementor elementor-2026\" data-elementor-post-type=\"page\">\n\t\t\t\t<div class=\"elementor-element elementor-element-94f7740 e-flex e-con-boxed e-con e-parent\" data-id=\"94f7740\" data-element_type=\"container\">\n\t\t\t\t\t<div class=\"e-con-inner\">\n\t\t\t\t<div class=\"elementor-element elementor-element-68c4d39 elementor-widget elementor-widget-text-editor\" data-id=\"68c4d39\" data-element_type=\"widget\" data-widget_type=\"text-editor.default\">\n\t\t\t\t<div class=\"elementor-widget-container\">\n\t\t\t\t\t\t\t\t\t<p>Jei turite klausim\u0173 apie produktus, j\u0173 sud\u0117t\u012f ar kainas- galime pad\u0117ti bet kuriuo metu<\/p>\t\t\t\t\t\t\t\t<\/div>\n\t\t\t\t<\/div>\n\t\t\t\t\t<\/div>\n\t\t\t\t<\/div>\n\t\t<div class=\"elementor-element elementor-element-c111ed9 e-flex e-con-boxed e-con e-parent\" data-id=\"c111ed9\" data-element_type=\"container\">\n\t\t\t\t\t<div class=\"e-con-inner\">\n\t\t<div class=\"elementor-element elementor-element-9727b93 e-con-full e-flex e-con e-child\" data-id=\"9727b93\" data-element_type=\"container\">\n\t\t\t\t<div class=\"elementor-element elementor-element-59645bf elementor-widget elementor-widget-heading\" data-id=\"59645bf\" data-element_type=\"widget\" data-widget_type=\"heading.default\">\n\t\t\t\t<div class=\"elementor-widget-container\">\n\t\t\t\t\t<h4 class=\"elementor-heading-title elementor-size-default\">kyla klausim\u0173 d\u0117l produkt\u0173 ar kain\u0173? paskambinkite arba para\u0161ykite mums<\/h4>\t\t\t\t<\/div>\n\t\t\t\t<\/div>\n\t\t\t\t<div class=\"elementor-element elementor-element-d55a781 elementor-icon-list--layout-traditional elementor-list-item-link-full_width elementor-widget elementor-widget-icon-list\" data-id=\"d55a781\" data-element_type=\"widget\" data-widget_type=\"icon-list.default\">\n\t\t\t\t<div class=\"elementor-widget-container\">\n\t\t\t\t\t\t\t<ul class=\"elementor-icon-list-items\">\n\t\t\t\t\t\t\t<li class=\"elementor-icon-list-item\">\n\t\t\t\t\t\t\t\t\t\t\t<a href=\"tel:+37068888888\">\n\n\t\t\t\t\t\t\t\t\t\t\t\t<span class=\"elementor-icon-list-icon\">\n\t\t\t\t\t\t\t<i aria-hidden=\"true\" class=\"fas fa-phone-alt\"><\/i>\t\t\t\t\t\t<\/span>\n\t\t\t\t\t\t\t\t\t\t<span class=\"elementor-icon-list-text\">+370 688 88888<\/span>\n\t\t\t\t\t\t\t\t\t\t\t<\/a>\n\t\t\t\t\t\t\t\t\t<\/li>\n\t\t\t\t\t\t\t\t<li class=\"elementor-icon-list-item\">\n\t\t\t\t\t\t\t\t\t\t\t<a href=\"mailto:info@info.lt\">\n\n\t\t\t\t\t\t\t\t\t\t\t\t<span class=\"elementor-icon-list-icon\">\n\t\t\t\t\t\t\t<i aria-hidden=\"true\" class=\"fas fa-envelope\"><\/i>\t\t\t\t\t\t<\/span>\n\t\t\t\t\t\t\t\t\t\t<span class=\"elementor-icon-list-text\">info@info.lt<\/span>\n\t\t\t\t\t\t\t\t\t\t\t<\/a>\n\t\t\t\t\t\t\t\t\t<\/li>\n\t\t\t\t\t\t<\/ul>\n\t\t\t\t\t\t<\/div>\n\t\t\t\t<\/div>\n\t\t\t\t<\/div>\n\t\t<div class=\"elementor-element elementor-element-90e5ed8 e-con-full e-flex e-con e-child\" data-id=\"90e5ed8\" data-element_type=\"container\">\n\t\t\t\t<div class=\"elementor-element elementor-element-7075ff8 elementor-button-align-stretch elementor-widget elementor-widget-form\" data-id=\"7075ff8\" data-element_type=\"widget\" data-settings=\"{&quot;step_next_label&quot;:&quot;Next&quot;,&quot;step_previous_label&quot;:&quot;Previous&quot;,&quot;button_width&quot;:&quot;100&quot;,&quot;step_type&quot;:&quot;number_text&quot;,&quot;step_icon_shape&quot;:&quot;circle&quot;}\" data-widget_type=\"form.default\">\n\t\t\t\t<div class=\"elementor-widget-container\">\n\t\t\t\t\t\t\t<form class=\"elementor-form\" method=\"post\" name=\"New Form\" aria-label=\"New Form\" action=\"\">\n\t\t\t<input type=\"hidden\" name=\"post_id\" value=\"2026\"\/>\n\t\t\t<input type=\"hidden\" name=\"form_id\" value=\"7075ff8\"\/>\n\t\t\t<input type=\"hidden\" name=\"referer_title\" value=\"Susisiekite su mumis - Kontaktai\" \/>\n\n\t\t\t\t\t\t\t<input type=\"hidden\" name=\"queried_id\" value=\"2026\"\/>\n\t\t\t\n\t\t\t<div class=\"elementor-form-fields-wrapper elementor-labels-above\">\n\t\t\t\t\t\t\t\t<div class=\"elementor-field-type-text elementor-field-group elementor-column elementor-field-group-name elementor-col-100\">\n\t\t\t\t\t\t\t\t\t\t\t\t<label for=\"form-field-name\" class=\"elementor-field-label\">\n\t\t\t\t\t\t\t\tVardas\t\t\t\t\t\t\t<\/label>\n\t\t\t\t\t\t\t\t\t\t\t\t\t\t<input size=\"1\" type=\"text\" name=\"form_fields[name]\" id=\"form-field-name\" class=\"elementor-field elementor-size-sm  elementor-field-textual\" placeholder=\"Name\">\n\t\t\t\t\t\t\t\t\t\t\t<\/div>\n\t\t\t\t\t\t\t\t<div class=\"elementor-field-type-email elementor-field-group elementor-column elementor-field-group-email elementor-col-100 elementor-field-required\">\n\t\t\t\t\t\t\t\t\t\t\t\t<label for=\"form-field-email\" class=\"elementor-field-label\">\n\t\t\t\t\t\t\t\tEl. pa\u0161tas\t\t\t\t\t\t\t<\/label>\n\t\t\t\t\t\t\t\t\t\t\t\t\t\t<input size=\"1\" type=\"email\" name=\"form_fields[email]\" id=\"form-field-email\" class=\"elementor-field elementor-size-sm  elementor-field-textual\" placeholder=\"Email\" required=\"required\">\n\t\t\t\t\t\t\t\t\t\t\t<\/div>\n\t\t\t\t\t\t\t\t<div class=\"elementor-field-type-textarea elementor-field-group elementor-column elementor-field-group-message elementor-col-100\">\n\t\t\t\t\t\t\t\t\t\t\t\t<label for=\"form-field-message\" class=\"elementor-field-label\">\n\t\t\t\t\t\t\t\t\u017dinut\u0117\t\t\t\t\t\t\t<\/label>\n\t\t\t\t\t\t<textarea class=\"elementor-field-textual elementor-field  elementor-size-sm\" name=\"form_fields[message]\" id=\"form-field-message\" rows=\"4\" placeholder=\"Message\"><\/textarea>\t\t\t\t<\/div>\n\t\t\t\t\t\t\t\t<div class=\"elementor-field-type-recaptcha_v3 elementor-field-group elementor-column elementor-field-group-field_2ff2d2b elementor-col-100 recaptcha_v3-bottomleft\">\n\t\t\t\t\t<div class=\"elementor-field\" id=\"form-field-field_2ff2d2b\"><div class=\"elementor-g-recaptcha\" data-sitekey=\"6LdhtCssAAAAAJulJ_Z4Q1B_pkoWW0LhDLXr9fQe\" data-type=\"v3\" data-action=\"Form\" data-badge=\"bottomleft\" data-size=\"invisible\"><\/div><\/div>\t\t\t\t<\/div>\n\t\t\t\t\t\t\t\t<div class=\"elementor-field-group elementor-column elementor-field-type-submit elementor-col-100 e-form__buttons\">\n\t\t\t\t\t<button class=\"elementor-button elementor-size-sm\" type=\"submit\">\n\t\t\t\t\t\t<span class=\"elementor-button-content-wrapper\">\n\t\t\t\t\t\t\t\t\t\t\t\t\t\t\t\t\t\t\t\t\t\t<span class=\"elementor-button-text\">Si\u0173sti<\/span>\n\t\t\t\t\t\t\t\t\t\t\t\t\t<\/span>\n\t\t\t\t\t<\/button>\n\t\t\t\t<\/div>\n\t\t\t<\/div>\n\t\t<input type=\"hidden\" name=\"trp-form-language\" value=\"en\"\/><\/form>\n\t\t\t\t\t\t<\/div>\n\t\t\t\t<\/div>\n\t\t\t\t<\/div>\n\t\t\t\t\t<\/div>\n\t\t\t\t<\/div>\n\t\t<div class=\"elementor-element elementor-element-498c898 e-flex e-con-boxed e-con e-parent\" data-id=\"498c898\" data-element_type=\"container\">\n\t\t\t\t\t<div class=\"e-con-inner\">\n\t\t\t\t<div class=\"elementor-element elementor-element-9369f56 elementor-widget elementor-widget-google_maps\" data-id=\"9369f56\" data-element_type=\"widget\" data-widget_type=\"google_maps.default\">\n\t\t\t\t<div class=\"elementor-widget-container\">\n\t\t\t\t\t\t\t<div class=\"elementor-custom-embed\">\n\t\t\t<iframe loading=\"lazy\"\n\t\t\t\t\tsrc=\"https:\/\/maps.google.com\/maps?q=Kauno%20g.%2010%2C%20Vilnius&#038;t=m&#038;z=15&#038;output=embed&#038;iwloc=near\"\n\t\t\t\t\ttitle=\"Kauno g. 10, Vilnius\"\n\t\t\t\t\taria-label=\"Kauno g. 10, Vilnius\"\n\t\t\t><\/iframe>\n\t\t<\/div>\n\t\t\t\t\t\t<\/div>\n\t\t\t\t<\/div>\n\t\t\t\t\t<\/div>\n\t\t\t\t<\/div>\n\t\t<div class=\"elementor-element elementor-element-4fee217 e-flex e-con-boxed e-con e-parent\" data-id=\"4fee217\" data-element_type=\"container\">\n\t\t\t\t\t<div class=\"e-con-inner\">\n\t\t\t\t\t<\/div>\n\t\t\t\t<\/div>\n\t\t\t\t<\/div>","protected":false},"excerpt":{"rendered":"<p>Jei turite klausim\u0173 apie produktus, j\u0173 sud\u0117t\u012f ar kainas- galime pad\u0117ti bet kuriuo metu kyla klausim\u0173 d\u0117l produkt\u0173 ar kain\u0173? paskambinkite arba para\u0161ykite mums +370 688 88888 info@info.lt<\/p>","protected":false},"author":1,"featured_media":0,"parent":0,"menu_order":0,"comment_status":"closed","ping_status":"closed","template":"","meta":{"site-sidebar-layout":"no-sidebar","site-content-layout":"page-builder","ast-site-content-layout":"full-width-container","site-content-style":"unboxed","site-sidebar-style":"unboxed","ast-global-header-display":"","ast-banner-title-visibility":"","ast-main-header-display":"","ast-hfb-above-header-display":"","ast-hfb-below-header-display":"","ast-hfb-mobile-header-display":"","site-post-title":"disabled","ast-breadcrumbs-content":"disabled","ast-featured-img":"disabled","footer-sml-layout":"","theme-transparent-header-meta":"enabled","adv-header-id-meta":"","stick-header-meta":"","header-above-stick-meta":"","header-main-stick-meta":"","header-below-stick-meta":"","astra-migrate-meta-layouts":"set","ast-page-background-enabled":"default","ast-page-background-meta":{"desktop":{"background-color":"","background-image":"","background-repeat":"repeat","background-position":"center center","background-size":"auto","background-attachment":"scroll","background-type":"","background-media":"","overlay-type":"","overlay-color":"","overlay-opacity":"","overlay-gradient":""},"tablet":{"background-color":"","background-image":"","background-repeat":"repeat","background-position":"center center","background-size":"auto","background-attachment":"scroll","background-type":"","background-media":"","overlay-type":"","overlay-color":"","overlay-opacity":"","overlay-gradient":""},"mobile":{"background-color":"","background-image":"","background-repeat":"repeat","background-position":"center center","background-size":"auto","background-attachment":"scroll","background-type":"","background-media":"","overlay-type":"","overlay-color":"","overlay-opacity":"","overlay-gradient":""}},"ast-content-background-meta":{"desktop":{"background-color":"var(--ast-global-color-5)","background-image":"","background-repeat":"repeat","background-position":"center center","background-size":"auto","background-attachment":"scroll","background-type":"","background-media":"","overlay-type":"","overlay-color":"","overlay-opacity":"","overlay-gradient":""},"tablet":{"background-color":"var(--ast-global-color-5)","background-image":"","background-repeat":"repeat","background-position":"center center","background-size":"auto","background-attachment":"scroll","background-type":"","background-media":"","overlay-type":"","overlay-color":"","overlay-opacity":"","overlay-gradient":""},"mobile":{"background-color":"var(--ast-global-color-5)","background-image":"","background-repeat":"repeat","background-position":"center center","background-size":"auto","background-attachment":"scroll","background-type":"","background-media":"","overlay-type":"","overlay-color":"","overlay-opacity":"","overlay-gradient":""}},"footnotes":""},"class_list":["post-2026","page","type-page","status-publish","hentry"],"yoast_head":"<!-- This site is optimized with the Yoast SEO plugin v26.5 - https:\/\/yoast.com\/wordpress\/plugins\/seo\/ -->\n<title>Susisiekite su mumis - Kontaktai<\/title>\n<meta name=\"description\" content=\"Turite klausim\u0173 ar reikia pagalbos? Susisiekite su mumis \u2013 atsakysime greitai ir pad\u0117sime i\u0161sirinkti tinkamiausi\u0105 sprendim\u0105.\" \/>\n<meta name=\"robots\" content=\"noindex, follow, max-snippet:-1, max-image-preview:large, max-video-preview:-1\" \/>\n<meta property=\"og:locale\" content=\"en_US\" \/>\n<meta property=\"og:type\" content=\"article\" \/>\n<meta property=\"og:title\" content=\"Susisiekite su mumis - Kontaktai\" \/>\n<meta property=\"og:description\" content=\"Turite klausim\u0173 ar reikia pagalbos? Susisiekite su mumis \u2013 atsakysime greitai ir pad\u0117sime i\u0161sirinkti tinkamiausi\u0105 sprendim\u0105.\" \/>\n<meta property=\"og:url\" content=\"https:\/\/kursai.ryteryjutaveakim.com\/en\/contact\/\" \/>\n<meta property=\"og:site_name\" content=\"Cycle Shop\" \/>\n<meta property=\"article:modified_time\" content=\"2025-12-19T09:30:45+00:00\" \/>\n<meta name=\"twitter:card\" content=\"summary_large_image\" \/>\n<meta name=\"twitter:label1\" content=\"Est. reading time\" \/>\n\t<meta name=\"twitter:data1\" content=\"1 minute\" \/>\n<script type=\"application\/ld+json\" class=\"yoast-schema-graph\">{\"@context\":\"https:\/\/schema.org\",\"@graph\":[{\"@type\":\"WebPage\",\"@id\":\"https:\/\/kursai.ryteryjutaveakim.com\/contact\/\",\"url\":\"https:\/\/kursai.ryteryjutaveakim.com\/contact\/\",\"name\":\"Susisiekite su mumis - Kontaktai\",\"isPartOf\":{\"@id\":\"https:\/\/kursai.ryteryjutaveakim.com\/#website\"},\"datePublished\":\"2025-11-10T13:57:29+00:00\",\"dateModified\":\"2025-12-19T09:30:45+00:00\",\"description\":\"Turite klausim\u0173 ar reikia pagalbos? Susisiekite su mumis \u2013 atsakysime greitai ir pad\u0117sime i\u0161sirinkti tinkamiausi\u0105 sprendim\u0105.\",\"breadcrumb\":{\"@id\":\"https:\/\/kursai.ryteryjutaveakim.com\/contact\/#breadcrumb\"},\"inLanguage\":\"en-US\",\"potentialAction\":[{\"@type\":\"ReadAction\",\"target\":[\"https:\/\/kursai.ryteryjutaveakim.com\/contact\/\"]}]},{\"@type\":\"BreadcrumbList\",\"@id\":\"https:\/\/kursai.ryteryjutaveakim.com\/contact\/#breadcrumb\",\"itemListElement\":[{\"@type\":\"ListItem\",\"position\":1,\"name\":\"Home\",\"item\":\"https:\/\/kursai.ryteryjutaveakim.com\/\"},{\"@type\":\"ListItem\",\"position\":2,\"name\":\"Contact\"}]},{\"@type\":\"WebSite\",\"@id\":\"https:\/\/kursai.ryteryjutaveakim.com\/#website\",\"url\":\"https:\/\/kursai.ryteryjutaveakim.com\/\",\"name\":\"Cycle Shop\",\"description\":\"Cycle Shop Website\",\"publisher\":{\"@id\":\"https:\/\/kursai.ryteryjutaveakim.com\/#organization\"},\"potentialAction\":[{\"@type\":\"SearchAction\",\"target\":{\"@type\":\"EntryPoint\",\"urlTemplate\":\"https:\/\/kursai.ryteryjutaveakim.com\/?s={search_term_string}\"},\"query-input\":{\"@type\":\"PropertyValueSpecification\",\"valueRequired\":true,\"valueName\":\"search_term_string\"}}],\"inLanguage\":\"en-US\"},{\"@type\":\"Organization\",\"@id\":\"https:\/\/kursai.ryteryjutaveakim.com\/#organization\",\"name\":\"Cycle Shop\",\"url\":\"https:\/\/kursai.ryteryjutaveakim.com\/\",\"logo\":{\"@type\":\"ImageObject\",\"inLanguage\":\"en-US\",\"@id\":\"https:\/\/kursai.ryteryjutaveakim.com\/#\/schema\/logo\/image\/\",\"url\":\"https:\/\/kursai.ryteryjutaveakim.com\/wp-content\/uploads\/2025\/11\/logo-sportuok-namuose1.jpg\",\"contentUrl\":\"https:\/\/kursai.ryteryjutaveakim.com\/wp-content\/uploads\/2025\/11\/logo-sportuok-namuose1.jpg\",\"width\":620,\"height\":620,\"caption\":\"Cycle Shop\"},\"image\":{\"@id\":\"https:\/\/kursai.ryteryjutaveakim.com\/#\/schema\/logo\/image\/\"}}]}<\/script>\n<!-- \/ Yoast SEO plugin. -->","yoast_head_json":{"title":"Susisiekite su mumis - Kontaktai","description":"Turite klausim\u0173 ar reikia pagalbos? Susisiekite su mumis \u2013 atsakysime greitai ir pad\u0117sime i\u0161sirinkti tinkamiausi\u0105 sprendim\u0105.","robots":{"index":"noindex","follow":"follow","max-snippet":"max-snippet:-1","max-image-preview":"max-image-preview:large","max-video-preview":"max-video-preview:-1"},"og_locale":"en_US","og_type":"article","og_title":"Susisiekite su mumis - Kontaktai","og_description":"Turite klausim\u0173 ar reikia pagalbos? Susisiekite su mumis \u2013 atsakysime greitai ir pad\u0117sime i\u0161sirinkti tinkamiausi\u0105 sprendim\u0105.","og_url":"https:\/\/kursai.ryteryjutaveakim.com\/en\/contact\/","og_site_name":"Cycle Shop","article_modified_time":"2025-12-19T09:30:45+00:00","twitter_card":"summary_large_image","twitter_misc":{"Est. reading time":"1 minute"},"schema":{"@context":"https:\/\/schema.org","@graph":[{"@type":"WebPage","@id":"https:\/\/kursai.ryteryjutaveakim.com\/contact\/","url":"https:\/\/kursai.ryteryjutaveakim.com\/contact\/","name":"Susisiekite su mumis - Kontaktai","isPartOf":{"@id":"https:\/\/kursai.ryteryjutaveakim.com\/#website"},"datePublished":"2025-11-10T13:57:29+00:00","dateModified":"2025-12-19T09:30:45+00:00","description":"Turite klausim\u0173 ar reikia pagalbos? Susisiekite su mumis \u2013 atsakysime greitai ir pad\u0117sime i\u0161sirinkti tinkamiausi\u0105 sprendim\u0105.","breadcrumb":{"@id":"https:\/\/kursai.ryteryjutaveakim.com\/contact\/#breadcrumb"},"inLanguage":"en-US","potentialAction":[{"@type":"ReadAction","target":["https:\/\/kursai.ryteryjutaveakim.com\/contact\/"]}]},{"@type":"BreadcrumbList","@id":"https:\/\/kursai.ryteryjutaveakim.com\/contact\/#breadcrumb","itemListElement":[{"@type":"ListItem","position":1,"name":"Home","item":"https:\/\/kursai.ryteryjutaveakim.com\/"},{"@type":"ListItem","position":2,"name":"Contact"}]},{"@type":"WebSite","@id":"https:\/\/kursai.ryteryjutaveakim.com\/#website","url":"https:\/\/kursai.ryteryjutaveakim.com\/","name":"Cycle Shop","description":"Cycle Shop Website","publisher":{"@id":"https:\/\/kursai.ryteryjutaveakim.com\/#organization"},"potentialAction":[{"@type":"SearchAction","target":{"@type":"EntryPoint","urlTemplate":"https:\/\/kursai.ryteryjutaveakim.com\/?s={search_term_string}"},"query-input":{"@type":"PropertyValueSpecification","valueRequired":true,"valueName":"search_term_string"}}],"inLanguage":"en-US"},{"@type":"Organization","@id":"https:\/\/kursai.ryteryjutaveakim.com\/#organization","name":"Cycle Shop","url":"https:\/\/kursai.ryteryjutaveakim.com\/","logo":{"@type":"ImageObject","inLanguage":"en-US","@id":"https:\/\/kursai.ryteryjutaveakim.com\/#\/schema\/logo\/image\/","url":"https:\/\/kursai.ryteryjutaveakim.com\/wp-content\/uploads\/2025\/11\/logo-sportuok-namuose1.jpg","contentUrl":"https:\/\/kursai.ryteryjutaveakim.com\/wp-content\/uploads\/2025\/11\/logo-sportuok-namuose1.jpg","width":620,"height":620,"caption":"Cycle Shop"},"image":{"@id":"https:\/\/kursai.ryteryjutaveakim.com\/#\/schema\/logo\/image\/"}}]}},"_hostinger_reach_plugin_has_subscription_block":false,"_hostinger_reach_plugin_is_elementor":false,"_links":{"self":[{"href":"https:\/\/kursai.ryteryjutaveakim.com\/en\/wp-json\/wp\/v2\/pages\/2026","targetHints":{"allow":["GET"]}}],"collection":[{"href":"https:\/\/kursai.ryteryjutaveakim.com\/en\/wp-json\/wp\/v2\/pages"}],"about":[{"href":"https:\/\/kursai.ryteryjutaveakim.com\/en\/wp-json\/wp\/v2\/types\/page"}],"author":[{"embeddable":true,"href":"https:\/\/kursai.ryteryjutaveakim.com\/en\/wp-json\/wp\/v2\/users\/1"}],"replies":[{"embeddable":true,"href":"https:\/\/kursai.ryteryjutaveakim.com\/en\/wp-json\/wp\/v2\/comments?post=2026"}],"version-history":[{"count":55,"href":"https:\/\/kursai.ryteryjutaveakim.com\/en\/wp-json\/wp\/v2\/pages\/2026\/revisions"}],"predecessor-version":[{"id":2937,"href":"https:\/\/kursai.ryteryjutaveakim.com\/en\/wp-json\/wp\/v2\/pages\/2026\/revisions\/2937"}],"wp:attachment":[{"href":"https:\/\/kursai.ryteryjutaveakim.com\/en\/wp-json\/wp\/v2\/media?parent=2026"}],"curies":[{"name":"wp","href":"https:\/\/api.w.org\/{rel}","templated":true}]}}