{"id":2437,"date":"2025-11-17T13:39:19","date_gmt":"2025-11-17T13:39:19","guid":{"rendered":"https:\/\/kursai.ryteryjutaveakim.com\/?page_id=2437"},"modified":"2025-12-15T06:55:17","modified_gmt":"2025-12-15T06:55:17","slug":"prekiu-pristatymo-salygos","status":"publish","type":"page","link":"https:\/\/kursai.ryteryjutaveakim.com\/en\/prekiu-pristatymo-salygos\/","title":{"rendered":"preki\u0173 pristatymo s\u0105lygos"},"content":{"rendered":"<div data-elementor-type=\"wp-page\" data-elementor-id=\"2437\" class=\"elementor elementor-2437\" data-elementor-post-type=\"page\">\n\t\t\t\t<div class=\"elementor-element elementor-element-4c3ee6d e-flex e-con-boxed e-con e-parent\" data-id=\"4c3ee6d\" data-element_type=\"container\">\n\t\t\t\t\t<div class=\"e-con-inner\">\n\t\t\t\t<div class=\"elementor-element elementor-element-befa102 elementor-widget elementor-widget-text-editor\" data-id=\"befa102\" data-element_type=\"widget\" data-widget_type=\"text-editor.default\">\n\t\t\t\t<div class=\"elementor-widget-container\">\n\t\t\t\t\t\t\t\t\t<header class=\"entry-header ast-no-thumbnail ast-header-without-markup\"><h6 class=\"entry-title\"><span style=\"font-size: 1.7em; font-weight: bold;\">PREKI\u0172 PRISTATYMAS LIETUVOJE<\/span><\/h6><\/header><div class=\"entry-content clear\"><div class=\"elementor elementor-913\" data-elementor-type=\"wp-page\" data-elementor-id=\"913\" data-elementor-post-type=\"page\"><section class=\"elementor-section elementor-top-section elementor-element elementor-element-9398b7c elementor-section-boxed elementor-section-height-default elementor-section-height-default\" data-id=\"9398b7c\" data-element_type=\"section\"><div class=\"elementor-container elementor-column-gap-default\"><div class=\"elementor-column elementor-col-100 elementor-top-column elementor-element elementor-element-680303b4\" data-id=\"680303b4\" data-element_type=\"column\"><div class=\"elementor-widget-wrap elementor-element-populated\"><div class=\"elementor-element elementor-element-5efc529 elementor-widget elementor-widget-text-editor\" data-id=\"5efc529\" data-element_type=\"widget\" data-widget_type=\"text-editor.default\"><div class=\"elementor-widget-container\"><p>Lietuvoje prek\u0117s pristatomos per 1 \u2013 3 darbo dienas. Sugrie\u017etinto karantino, didelio \u0161al\u010dio\/snygio atvejais \u0161is terminas pailg\u0117ja iki 2 \u2013 5 darbo dien\u0173. Nemokamas pristatymas perkant u\u017e 30\u20ac ir daugiau.<br \/>Pristatymo kainos apskai\u010diuojant suformavus pirkini\u0173 krep\u0161el\u012f ir pasirinkus pristatymo b\u016bd\u0105.<\/p><\/div><\/div><\/div><\/div><\/div><\/section><section class=\"elementor-section elementor-top-section elementor-element elementor-element-77d3b42 elementor-section-boxed elementor-section-height-default elementor-section-height-default\" data-id=\"77d3b42\" data-element_type=\"section\"><div class=\"elementor-container elementor-column-gap-default\"><div class=\"elementor-column elementor-col-33 elementor-top-column elementor-element elementor-element-ce254ed\" data-id=\"ce254ed\" data-element_type=\"column\"><div class=\"elementor-widget-wrap elementor-element-populated\"><div class=\"elementor-element elementor-element-c8ce857 elementor-widget elementor-widget-image\" data-id=\"c8ce857\" data-element_type=\"widget\" data-widget_type=\"image.default\"><div class=\"elementor-widget-container\"><img fetchpriority=\"high\" decoding=\"async\" class=\"attachment-large size-large wp-image-1586\" src=\"https:\/\/hydroshop.lt\/wp-content\/uploads\/2021\/12\/lp-express.png\" sizes=\"(max-width: 500px) 100vw, 500px\" srcset=\"https:\/\/hydroshop.lt\/wp-content\/uploads\/2021\/12\/lp-express.png 500w, https:\/\/hydroshop.lt\/wp-content\/uploads\/2021\/12\/lp-express-300x137.png 300w\" alt=\"\" width=\"500\" height=\"228\" \/><\/div><\/div><\/div><\/div><div class=\"elementor-column elementor-col-33 elementor-top-column elementor-element elementor-element-c9ec2e1\" data-id=\"c9ec2e1\" data-element_type=\"column\"><div class=\"elementor-widget-wrap elementor-element-populated\"><div class=\"elementor-element elementor-element-a4d2c66 elementor-position-left elementor-vertical-align-top elementor-widget elementor-widget-image-box\" data-id=\"a4d2c66\" data-element_type=\"widget\" data-widget_type=\"image-box.default\"><div class=\"elementor-widget-container\"><div class=\"elementor-image-box-wrapper\"><figure class=\"elementor-image-box-img\"><img decoding=\"async\" class=\"attachment-large size-large wp-image-1590\" src=\"https:\/\/hydroshop.lt\/wp-content\/uploads\/2021\/12\/Omniva-logo.png\" sizes=\"(max-width: 1000px) 100vw, 1000px\" srcset=\"https:\/\/hydroshop.lt\/wp-content\/uploads\/2021\/12\/Omniva-logo.png 1000w, https:\/\/hydroshop.lt\/wp-content\/uploads\/2021\/12\/Omniva-logo-300x75.png 300w, https:\/\/hydroshop.lt\/wp-content\/uploads\/2021\/12\/Omniva-logo-768x191.png 768w, https:\/\/hydroshop.lt\/wp-content\/uploads\/2021\/12\/Omniva-logo-600x149.png 600w\" alt=\"\" width=\"1000\" height=\"249\" \/><\/figure><\/div><\/div><\/div><\/div><\/div><div class=\"elementor-column elementor-col-33 elementor-top-column elementor-element elementor-element-eb55031\" data-id=\"eb55031\" data-element_type=\"column\"><div class=\"elementor-widget-wrap\">\u00a0<\/div><\/div><\/div><\/section><section class=\"elementor-section elementor-top-section elementor-element elementor-element-7fee576 elementor-section-boxed elementor-section-height-default elementor-section-height-default\" data-id=\"7fee576\" data-element_type=\"section\"><div class=\"elementor-container elementor-column-gap-default\"><div class=\"elementor-column elementor-col-100 elementor-top-column elementor-element elementor-element-fae1b3a\" data-id=\"fae1b3a\" data-element_type=\"column\"><div class=\"elementor-widget-wrap elementor-element-populated\"><div class=\"elementor-element elementor-element-442b1a1 elementor-widget-divider--view-line elementor-widget elementor-widget-divider\" data-id=\"442b1a1\" data-element_type=\"widget\" data-widget_type=\"divider.default\"><div class=\"elementor-widget-container\"><div class=\"elementor-divider\">\u00a0<\/div><\/div><\/div><\/div><\/div><\/div><\/section><section class=\"elementor-section elementor-top-section elementor-element elementor-element-5ff0b1b elementor-section-boxed elementor-section-height-default elementor-section-height-default\" data-id=\"5ff0b1b\" data-element_type=\"section\"><div class=\"elementor-container elementor-column-gap-default\"><div class=\"elementor-column elementor-col-100 elementor-top-column elementor-element elementor-element-1399a15\" data-id=\"1399a15\" data-element_type=\"column\"><div class=\"elementor-widget-wrap elementor-element-populated\"><div class=\"elementor-element elementor-element-83c3799 elementor-widget elementor-widget-heading\" data-id=\"83c3799\" data-element_type=\"widget\" data-widget_type=\"heading.default\"><div class=\"elementor-widget-container\"><h2 class=\"elementor-heading-title elementor-size-large\">Preki\u0173 pristatymas \u012f Latvij\u0105 ir Estij\u0105<\/h2><\/div><\/div><div class=\"elementor-element elementor-element-1239bb0 elementor-widget elementor-widget-text-editor\" data-id=\"1239bb0\" data-element_type=\"widget\" data-widget_type=\"text-editor.default\"><div class=\"elementor-widget-container\"><p>Preki\u0173 pristatymas Latvijoje ir Estijoje per 1-4 darbo dienas. Prekes pristatome naudodamiesi Omniva ir DPD teikiamomis paslaugomis.\u00a0Pristatymui \u012f Latvij\u0105 ir Estij\u0105 nemokamo pristatymo nuolaida (perkantiems u\u017e 30 \u20ac ir daugiau) netaikoma.<\/p><\/div><\/div><\/div><\/div><\/div><\/section><section class=\"elementor-section elementor-top-section elementor-element elementor-element-86a25d7 elementor-section-boxed elementor-section-height-default elementor-section-height-default\" data-id=\"86a25d7\" data-element_type=\"section\"><div class=\"elementor-container elementor-column-gap-default\"><div class=\"elementor-column elementor-col-100 elementor-top-column elementor-element elementor-element-7d4df7c\" data-id=\"7d4df7c\" data-element_type=\"column\"><div class=\"elementor-widget-wrap elementor-element-populated\"><div class=\"elementor-element elementor-element-e5bad23 elementor-widget elementor-widget-heading\" data-id=\"e5bad23\" data-element_type=\"widget\" data-widget_type=\"heading.default\"><div class=\"elementor-widget-container\"><h2 class=\"elementor-heading-title elementor-size-large\">Preki\u0173 pristatymas \u012f kitas \u0161alis<\/h2><\/div><\/div><div class=\"elementor-element elementor-element-cf5058a elementor-widget elementor-widget-text-editor\" data-id=\"cf5058a\" data-element_type=\"widget\" data-widget_type=\"text-editor.default\"><div class=\"elementor-widget-container\"><p>\u012e kitas \u0161alis prek\u0117s pristatomos per 5-14 darbo dien\u0173. Prekes pristatome naudodamiesi AB \u201eLietuvos pa\u0161tas\u201d paslaugomis. Pristatymui \u012f kitas \u0161alis nemokamo pristatymo nuolaida (perkantiems u\u017e 30 \u20ac ir daugiau) netaikoma.<\/p><\/div><\/div><\/div><\/div><\/div><\/section><section class=\"elementor-section elementor-top-section elementor-element elementor-element-19f11c1 elementor-section-boxed elementor-section-height-default elementor-section-height-default\" data-id=\"19f11c1\" data-element_type=\"section\"><div class=\"elementor-container elementor-column-gap-default\"><div class=\"elementor-column elementor-col-100 elementor-top-column elementor-element elementor-element-11936ac\" data-id=\"11936ac\" data-element_type=\"column\"><div class=\"elementor-widget-wrap elementor-element-populated\"><div class=\"elementor-element elementor-element-24a6ca5 elementor-widget elementor-widget-heading\" data-id=\"24a6ca5\" data-element_type=\"widget\" data-widget_type=\"heading.default\"><div class=\"elementor-widget-container\"><h2 class=\"elementor-heading-title elementor-size-large\">Pristatymo informacija\u200b<\/h2><\/div><\/div><div class=\"elementor-element elementor-element-9524b94 elementor-widget elementor-widget-text-editor\" data-id=\"9524b94\" data-element_type=\"widget\" data-widget_type=\"text-editor.default\"><div class=\"elementor-widget-container\"><ul><li>Klientas, u\u017esakydamas prekes, \u012fsipareigoja nurodyti tiksli\u0105 preki\u0173 pristatymo viet\u0105.<\/li><li>Prekes pristato Pardav\u0117jas arba jo \u012fgaliotas atstovas. Preki\u0173 pristatymo (transportavimo) mokestis yra pateikiamas suformavus u\u017esakym\u0105. Jeigu u\u017esakyme nenurodytas kitas Prekes priimantis asmuo, jas priimti privalo pats Klientas.<\/li><li>Pardav\u0117jas \u012fsipareigoja pristatyti Prekes Klientui Lietuvoje per 1-3 darbo dienas po u\u017esakymo apmok\u0117jimo,\u00a0 jei nesusitarta kitaip.<\/li><li>Pardav\u0117jas \u012fsipareigoja pristatyti Prekes Klientui kitose ES \u0161alyse per 5-14 darbo dien\u0173 po u\u017esakymo apmok\u0117jimo,\u00a0 jei nesusitarta kitaip.<\/li><li>Preki\u0173 kiek\u012f ir kokyb\u0119 Klientas kruop\u0161\u010diai patikrina Prek\u0117s perdavimo momentu. Priimdamas Prek\u0119 i\u0161 kurjerio, Klientas privalo pasira\u0161yti Prek\u0117s pristatymo dokumentuose, patvirtindamas, kad Prek\u0117 jam buvo \u012fteikta.<\/li><li>Visas pastabas d\u0117l akivaizd\u017ei\u0173 Preki\u0173 tr\u016bkum\u0173 Klientas privalo pareik\u0161ti ra\u0161tu priimdamas Prekes. Pretenzijas d\u0117l Preki\u0173 pasl\u0117pt\u0173 tr\u016bkum\u0173 Klientas gali pareik\u0161ti ra\u0161tu ne v\u0117liau kaip per 7 (septynias) dienas nuo Preki\u0173 gavimo dienos. Kitaip laikoma, kad preke Klientas patenkintas ir neturi joki\u0173 priekai\u0161t\u0173 Pardav\u0117jui.<\/li><li>Pardav\u0117jas \u012fsipareigoja Prekes pristatyti u\u017esakyme nurodytu adresu ir terminais. Jeigu paai\u0161k\u0117ja, kad Pardav\u0117jas negali pristatyti Prek\u0117s numatytu terminu, jis nedelsdamas apie tai informuoja Klient\u0105. Klientas sutinka, jog i\u0161imties tvarka pristatymas gali v\u0117luoti d\u0117l nenumatyt\u0173 aplinkybi\u0173.<\/li><li>Klientui apmok\u0117jus u\u017e Prekes Pardav\u0117jas Klientui el. pa\u0161tu i\u0161siun\u010dia s\u0105skait\u0105 fakt\u016br\u0105.<\/li><li>Pardav\u0117jas atleid\u017eiamas nuo atsakomyb\u0117s u\u017e Preki\u0173 pristatymo termin\u0173 pa\u017eeidim\u0105, jeigu Klientui n\u0117ra pateikiamos arba pateikiamos ne laiku d\u0117l Kliento kalt\u0117s arba d\u0117l nuo Kliento priklausan\u010di\u0173 aplinkybi\u0173.<\/li><li>U\u017esakymai priimami ir vykdomi kasdien.<\/li><\/ul><\/div><\/div><\/div><\/div><\/div><\/section><\/div><\/div>\t\t\t\t\t\t\t\t<\/div>\n\t\t\t\t<\/div>\n\t\t\t\t\t<\/div>\n\t\t\t\t<\/div>\n\t\t\t\t<\/div>","protected":false},"excerpt":{"rendered":"<p>PREKI\u0172 PRISTATYMAS LIETUVOJE Lietuvoje prek\u0117s pristatomos per 1 \u2013 3 darbo dienas. Sugrie\u017etinto karantino, didelio \u0161al\u010dio\/snygio atvejais \u0161is terminas pailg\u0117ja iki 2 \u2013 5 darbo dien\u0173. Nemokamas pristatymas perkant u\u017e 30\u20ac ir daugiau.Pristatymo kainos apskai\u010diuojant suformavus pirkini\u0173 krep\u0161el\u012f ir pasirinkus pristatymo b\u016bd\u0105. \u00a0 \u00a0 Preki\u0173 pristatymas \u012f Latvij\u0105 ir Estij\u0105 Preki\u0173 pristatymas Latvijoje ir Estijoje [&hellip;]<\/p>","protected":false},"author":1,"featured_media":0,"parent":0,"menu_order":0,"comment_status":"closed","ping_status":"closed","template":"","meta":{"site-sidebar-layout":"no-sidebar","site-content-layout":"page-builder","ast-site-content-layout":"full-width-container","site-content-style":"default","site-sidebar-style":"default","ast-global-header-display":"","ast-banner-title-visibility":"","ast-main-header-display":"","ast-hfb-above-header-display":"","ast-hfb-below-header-display":"","ast-hfb-mobile-header-display":"","site-post-title":"","ast-breadcrumbs-content":"","ast-featured-img":"disabled","footer-sml-layout":"","theme-transparent-header-meta":"","adv-header-id-meta":"","stick-header-meta":"","header-above-stick-meta":"","header-main-stick-meta":"","header-below-stick-meta":"","astra-migrate-meta-layouts":"set","ast-page-background-enabled":"default","ast-page-background-meta":{"desktop":{"background-color":"","background-image":"","background-repeat":"repeat","background-position":"center center","background-size":"auto","background-attachment":"scroll","background-type":"","background-media":"","overlay-type":"","overlay-color":"","overlay-opacity":"","overlay-gradient":""},"tablet":{"background-color":"","background-image":"","background-repeat":"repeat","background-position":"center center","background-size":"auto","background-attachment":"scroll","background-type":"","background-media":"","overlay-type":"","overlay-color":"","overlay-opacity":"","overlay-gradient":""},"mobile":{"background-color":"","background-image":"","background-repeat":"repeat","background-position":"center center","background-size":"auto","background-attachment":"scroll","background-type":"","background-media":"","overlay-type":"","overlay-color":"","overlay-opacity":"","overlay-gradient":""}},"ast-content-background-meta":{"desktop":{"background-color":"var(--ast-global-color-5)","background-image":"","background-repeat":"repeat","background-position":"center center","background-size":"auto","background-attachment":"scroll","background-type":"","background-media":"","overlay-type":"","overlay-color":"","overlay-opacity":"","overlay-gradient":""},"tablet":{"background-color":"var(--ast-global-color-5)","background-image":"","background-repeat":"repeat","background-position":"center center","background-size":"auto","background-attachment":"scroll","background-type":"","background-media":"","overlay-type":"","overlay-color":"","overlay-opacity":"","overlay-gradient":""},"mobile":{"background-color":"var(--ast-global-color-5)","background-image":"","background-repeat":"repeat","background-position":"center center","background-size":"auto","background-attachment":"scroll","background-type":"","background-media":"","overlay-type":"","overlay-color":"","overlay-opacity":"","overlay-gradient":""}},"footnotes":""},"class_list":["post-2437","page","type-page","status-publish","hentry"],"yoast_head":"<!-- This site is optimized with the Yoast SEO plugin v26.5 - https:\/\/yoast.com\/wordpress\/plugins\/seo\/ -->\n<title>preki\u0173 pristatymo s\u0105lygos - Cycle Shop<\/title>\n<meta name=\"description\" content=\"Preki\u0173 pristatymo s\u0105lygos \u2013 su\u017einokite apie pristatymo terminus, kainas ir tvark\u0105 perkant m\u016bs\u0173 el. parduotuv\u0117je.\" \/>\n<meta name=\"robots\" content=\"noindex, follow, max-snippet:-1, max-image-preview:large, max-video-preview:-1\" \/>\n<meta property=\"og:locale\" content=\"en_US\" \/>\n<meta property=\"og:type\" content=\"article\" \/>\n<meta property=\"og:title\" content=\"preki\u0173 pristatymo s\u0105lygos - Cycle Shop\" \/>\n<meta property=\"og:description\" content=\"Preki\u0173 pristatymo s\u0105lygos \u2013 su\u017einokite apie pristatymo terminus, kainas ir tvark\u0105 perkant m\u016bs\u0173 el. parduotuv\u0117je.\" \/>\n<meta property=\"og:url\" content=\"https:\/\/kursai.ryteryjutaveakim.com\/en\/prekiu-pristatymo-salygos\/\" \/>\n<meta property=\"og:site_name\" content=\"Cycle Shop\" \/>\n<meta property=\"article:modified_time\" content=\"2025-12-15T06:55:17+00:00\" \/>\n<meta name=\"twitter:card\" content=\"summary_large_image\" \/>\n<meta name=\"twitter:label1\" content=\"Est. reading time\" \/>\n\t<meta name=\"twitter:data1\" content=\"5 minutes\" \/>\n<script type=\"application\/ld+json\" class=\"yoast-schema-graph\">{\"@context\":\"https:\/\/schema.org\",\"@graph\":[{\"@type\":\"WebPage\",\"@id\":\"https:\/\/kursai.ryteryjutaveakim.com\/prekiu-pristatymo-salygos\/\",\"url\":\"https:\/\/kursai.ryteryjutaveakim.com\/prekiu-pristatymo-salygos\/\",\"name\":\"preki\u0173 pristatymo s\u0105lygos - Cycle Shop\",\"isPartOf\":{\"@id\":\"https:\/\/kursai.ryteryjutaveakim.com\/#website\"},\"primaryImageOfPage\":{\"@id\":\"https:\/\/kursai.ryteryjutaveakim.com\/prekiu-pristatymo-salygos\/#primaryimage\"},\"image\":{\"@id\":\"https:\/\/kursai.ryteryjutaveakim.com\/prekiu-pristatymo-salygos\/#primaryimage\"},\"thumbnailUrl\":\"https:\/\/hydroshop.lt\/wp-content\/uploads\/2021\/12\/lp-express.png\",\"datePublished\":\"2025-11-17T13:39:19+00:00\",\"dateModified\":\"2025-12-15T06:55:17+00:00\",\"description\":\"Preki\u0173 pristatymo s\u0105lygos \u2013 su\u017einokite apie pristatymo terminus, kainas ir tvark\u0105 perkant m\u016bs\u0173 el. parduotuv\u0117je.\",\"breadcrumb\":{\"@id\":\"https:\/\/kursai.ryteryjutaveakim.com\/prekiu-pristatymo-salygos\/#breadcrumb\"},\"inLanguage\":\"en-US\",\"potentialAction\":[{\"@type\":\"ReadAction\",\"target\":[\"https:\/\/kursai.ryteryjutaveakim.com\/prekiu-pristatymo-salygos\/\"]}]},{\"@type\":\"ImageObject\",\"inLanguage\":\"en-US\",\"@id\":\"https:\/\/kursai.ryteryjutaveakim.com\/prekiu-pristatymo-salygos\/#primaryimage\",\"url\":\"https:\/\/hydroshop.lt\/wp-content\/uploads\/2021\/12\/lp-express.png\",\"contentUrl\":\"https:\/\/hydroshop.lt\/wp-content\/uploads\/2021\/12\/lp-express.png\"},{\"@type\":\"BreadcrumbList\",\"@id\":\"https:\/\/kursai.ryteryjutaveakim.com\/prekiu-pristatymo-salygos\/#breadcrumb\",\"itemListElement\":[{\"@type\":\"ListItem\",\"position\":1,\"name\":\"Home\",\"item\":\"https:\/\/kursai.ryteryjutaveakim.com\/\"},{\"@type\":\"ListItem\",\"position\":2,\"name\":\"preki\u0173 pristatymo s\u0105lygos\"}]},{\"@type\":\"WebSite\",\"@id\":\"https:\/\/kursai.ryteryjutaveakim.com\/#website\",\"url\":\"https:\/\/kursai.ryteryjutaveakim.com\/\",\"name\":\"Cycle Shop\",\"description\":\"Cycle Shop Website\",\"publisher\":{\"@id\":\"https:\/\/kursai.ryteryjutaveakim.com\/#organization\"},\"potentialAction\":[{\"@type\":\"SearchAction\",\"target\":{\"@type\":\"EntryPoint\",\"urlTemplate\":\"https:\/\/kursai.ryteryjutaveakim.com\/?s={search_term_string}\"},\"query-input\":{\"@type\":\"PropertyValueSpecification\",\"valueRequired\":true,\"valueName\":\"search_term_string\"}}],\"inLanguage\":\"en-US\"},{\"@type\":\"Organization\",\"@id\":\"https:\/\/kursai.ryteryjutaveakim.com\/#organization\",\"name\":\"Cycle Shop\",\"url\":\"https:\/\/kursai.ryteryjutaveakim.com\/\",\"logo\":{\"@type\":\"ImageObject\",\"inLanguage\":\"en-US\",\"@id\":\"https:\/\/kursai.ryteryjutaveakim.com\/#\/schema\/logo\/image\/\",\"url\":\"https:\/\/kursai.ryteryjutaveakim.com\/wp-content\/uploads\/2025\/11\/logo-sportuok-namuose1.jpg\",\"contentUrl\":\"https:\/\/kursai.ryteryjutaveakim.com\/wp-content\/uploads\/2025\/11\/logo-sportuok-namuose1.jpg\",\"width\":620,\"height\":620,\"caption\":\"Cycle Shop\"},\"image\":{\"@id\":\"https:\/\/kursai.ryteryjutaveakim.com\/#\/schema\/logo\/image\/\"}}]}<\/script>\n<!-- \/ Yoast SEO plugin. -->","yoast_head_json":{"title":"preki\u0173 pristatymo s\u0105lygos - Cycle Shop","description":"Preki\u0173 pristatymo s\u0105lygos \u2013 su\u017einokite apie pristatymo terminus, kainas ir tvark\u0105 perkant m\u016bs\u0173 el. parduotuv\u0117je.","robots":{"index":"noindex","follow":"follow","max-snippet":"max-snippet:-1","max-image-preview":"max-image-preview:large","max-video-preview":"max-video-preview:-1"},"og_locale":"en_US","og_type":"article","og_title":"preki\u0173 pristatymo s\u0105lygos - Cycle Shop","og_description":"Preki\u0173 pristatymo s\u0105lygos \u2013 su\u017einokite apie pristatymo terminus, kainas ir tvark\u0105 perkant m\u016bs\u0173 el. parduotuv\u0117je.","og_url":"https:\/\/kursai.ryteryjutaveakim.com\/en\/prekiu-pristatymo-salygos\/","og_site_name":"Cycle Shop","article_modified_time":"2025-12-15T06:55:17+00:00","twitter_card":"summary_large_image","twitter_misc":{"Est. reading time":"5 minutes"},"schema":{"@context":"https:\/\/schema.org","@graph":[{"@type":"WebPage","@id":"https:\/\/kursai.ryteryjutaveakim.com\/prekiu-pristatymo-salygos\/","url":"https:\/\/kursai.ryteryjutaveakim.com\/prekiu-pristatymo-salygos\/","name":"preki\u0173 pristatymo s\u0105lygos - Cycle Shop","isPartOf":{"@id":"https:\/\/kursai.ryteryjutaveakim.com\/#website"},"primaryImageOfPage":{"@id":"https:\/\/kursai.ryteryjutaveakim.com\/prekiu-pristatymo-salygos\/#primaryimage"},"image":{"@id":"https:\/\/kursai.ryteryjutaveakim.com\/prekiu-pristatymo-salygos\/#primaryimage"},"thumbnailUrl":"https:\/\/hydroshop.lt\/wp-content\/uploads\/2021\/12\/lp-express.png","datePublished":"2025-11-17T13:39:19+00:00","dateModified":"2025-12-15T06:55:17+00:00","description":"Preki\u0173 pristatymo s\u0105lygos \u2013 su\u017einokite apie pristatymo terminus, kainas ir tvark\u0105 perkant m\u016bs\u0173 el. parduotuv\u0117je.","breadcrumb":{"@id":"https:\/\/kursai.ryteryjutaveakim.com\/prekiu-pristatymo-salygos\/#breadcrumb"},"inLanguage":"en-US","potentialAction":[{"@type":"ReadAction","target":["https:\/\/kursai.ryteryjutaveakim.com\/prekiu-pristatymo-salygos\/"]}]},{"@type":"ImageObject","inLanguage":"en-US","@id":"https:\/\/kursai.ryteryjutaveakim.com\/prekiu-pristatymo-salygos\/#primaryimage","url":"https:\/\/hydroshop.lt\/wp-content\/uploads\/2021\/12\/lp-express.png","contentUrl":"https:\/\/hydroshop.lt\/wp-content\/uploads\/2021\/12\/lp-express.png"},{"@type":"BreadcrumbList","@id":"https:\/\/kursai.ryteryjutaveakim.com\/prekiu-pristatymo-salygos\/#breadcrumb","itemListElement":[{"@type":"ListItem","position":1,"name":"Home","item":"https:\/\/kursai.ryteryjutaveakim.com\/"},{"@type":"ListItem","position":2,"name":"preki\u0173 pristatymo s\u0105lygos"}]},{"@type":"WebSite","@id":"https:\/\/kursai.ryteryjutaveakim.com\/#website","url":"https:\/\/kursai.ryteryjutaveakim.com\/","name":"Cycle Shop","description":"Cycle Shop Website","publisher":{"@id":"https:\/\/kursai.ryteryjutaveakim.com\/#organization"},"potentialAction":[{"@type":"SearchAction","target":{"@type":"EntryPoint","urlTemplate":"https:\/\/kursai.ryteryjutaveakim.com\/?s={search_term_string}"},"query-input":{"@type":"PropertyValueSpecification","valueRequired":true,"valueName":"search_term_string"}}],"inLanguage":"en-US"},{"@type":"Organization","@id":"https:\/\/kursai.ryteryjutaveakim.com\/#organization","name":"Cycle Shop","url":"https:\/\/kursai.ryteryjutaveakim.com\/","logo":{"@type":"ImageObject","inLanguage":"en-US","@id":"https:\/\/kursai.ryteryjutaveakim.com\/#\/schema\/logo\/image\/","url":"https:\/\/kursai.ryteryjutaveakim.com\/wp-content\/uploads\/2025\/11\/logo-sportuok-namuose1.jpg","contentUrl":"https:\/\/kursai.ryteryjutaveakim.com\/wp-content\/uploads\/2025\/11\/logo-sportuok-namuose1.jpg","width":620,"height":620,"caption":"Cycle Shop"},"image":{"@id":"https:\/\/kursai.ryteryjutaveakim.com\/#\/schema\/logo\/image\/"}}]}},"_hostinger_reach_plugin_has_subscription_block":false,"_hostinger_reach_plugin_is_elementor":false,"_links":{"self":[{"href":"https:\/\/kursai.ryteryjutaveakim.com\/en\/wp-json\/wp\/v2\/pages\/2437","targetHints":{"allow":["GET"]}}],"collection":[{"href":"https:\/\/kursai.ryteryjutaveakim.com\/en\/wp-json\/wp\/v2\/pages"}],"about":[{"href":"https:\/\/kursai.ryteryjutaveakim.com\/en\/wp-json\/wp\/v2\/types\/page"}],"author":[{"embeddable":true,"href":"https:\/\/kursai.ryteryjutaveakim.com\/en\/wp-json\/wp\/v2\/users\/1"}],"replies":[{"embeddable":true,"href":"https:\/\/kursai.ryteryjutaveakim.com\/en\/wp-json\/wp\/v2\/comments?post=2437"}],"version-history":[{"count":7,"href":"https:\/\/kursai.ryteryjutaveakim.com\/en\/wp-json\/wp\/v2\/pages\/2437\/revisions"}],"predecessor-version":[{"id":2920,"href":"https:\/\/kursai.ryteryjutaveakim.com\/en\/wp-json\/wp\/v2\/pages\/2437\/revisions\/2920"}],"wp:attachment":[{"href":"https:\/\/kursai.ryteryjutaveakim.com\/en\/wp-json\/wp\/v2\/media?parent=2437"}],"curies":[{"name":"wp","href":"https:\/\/api.w.org\/{rel}","templated":true}]}}