{"id":2442,"date":"2025-11-17T13:42:30","date_gmt":"2025-11-17T13:42:30","guid":{"rendered":"https:\/\/kursai.ryteryjutaveakim.com\/?page_id=2442"},"modified":"2025-12-15T06:55:58","modified_gmt":"2025-12-15T06:55:58","slug":"prekiu-grazinimas","status":"publish","type":"page","link":"https:\/\/kursai.ryteryjutaveakim.com\/en\/prekiu-grazinimas\/","title":{"rendered":"preki\u0173 gr\u0105\u017einimas"},"content":{"rendered":"<div data-elementor-type=\"wp-page\" data-elementor-id=\"2442\" class=\"elementor elementor-2442\" data-elementor-post-type=\"page\">\n\t\t\t\t<div class=\"elementor-element elementor-element-c2d4932 e-flex e-con-boxed e-con e-parent\" data-id=\"c2d4932\" data-element_type=\"container\">\n\t\t\t\t\t<div class=\"e-con-inner\">\n\t\t\t\t<div class=\"elementor-element elementor-element-ba7f99e elementor-widget elementor-widget-text-editor\" data-id=\"ba7f99e\" data-element_type=\"widget\" data-widget_type=\"text-editor.default\">\n\t\t\t\t<div class=\"elementor-widget-container\">\n\t\t\t\t\t\t\t\t\t<header class=\"entry-header ast-no-thumbnail\"><h6 class=\"entry-title\"><strong style=\"font-size: 16px;\">Kiekvienai m\u016bs\u0173 internetin\u0117je parduotuv\u0117je \u012fsigytai prekei taikoma 14 dien\u0173 gr\u0105\u017einimo garantija.<\/strong><\/h6><\/header><div class=\"entry-content clear\"><h3 class=\"wp-block-heading\">Preki\u0173 gr\u0105\u017einimas:<\/h3><ul><li>Gr\u0105\u017einti prek\u0119 galima per 14 kalendorini\u0173 dien\u0173 nuo jos \u012fsigijimo dienos.<\/li><li>Gr\u0105\u017einama prek\u0117 turi b\u016bti originalioje pakuot\u0117je, nenaudota ir su visais jai priklausan\u010diais priedais (instrukcijomis ir kt.) ir dovanomis (jei toki\u0173 buvo). Prek\u0117s nebus priimamos atgal, nekei\u010diamos kitomis ir pinigai negr\u0105\u017einami, jeigu: a) buvo vartojamos (atidaroma pakuot\u0117, buteliukas ir pan.); b) buvo sugadintos; c) nebuvo i\u0161saugotos j\u0173 vartojamosios savyb\u0117s; d) prarado prekin\u0119 i\u0161vaizd\u0105; e) nuo j\u0173 buvo nuimtos originalios etiket\u0117s.<\/li><li>Pardav\u0117jui apie sutarties atsisakym\u0105 turi b\u016bti prane\u0161ta el. pa\u0161tu info@hydroshop.lt arba ra\u0161tu, adresu Paneri\u0173 g. 51-103, Kaunas 48334.<\/li><li>Prane\u0161imas turi b\u016bti pateiktas per nustatyt\u0105 termin\u0105 (keturiolika kalendorini\u0173 dien\u0173).<\/li><li>Prek\u0117 gr\u0105\u017einama siun\u010diant j\u0105 adresu Paneri\u0173 g. 51-103, Kaunas 48334. Pirk\u0117jas privalo kartu su gr\u0105\u017einama preke pateikti informacin\u012f ra\u0161t\u0105 (laisvos formos), kuriame nurodoma: pirk\u0117jo vardas, pavard\u0117 ir banko s\u0105skaitos numeris bei banko pavadinimas (neprivaloma: gr\u0105\u017einimo prie\u017eastis). S\u0105skaitos savininkas turi sutapti su pirk\u0117ju. Visas i\u0161laidas, susijusias su prek\u0117s siuntimu, siunt\u0117jas (pirk\u0117jas) apmoka pats.<\/li><li>Pinigai bus gr\u0105\u017einti pervedus juos \u012f kliento nurodyt\u0105 banko s\u0105skait\u0105. Bankiniu pavedimu pinigai bus gr\u0105\u017einti per 3 (tris) darbo dienas nuo prek\u0117s gr\u0105\u017einimo.<\/li><li>Preki\u0173 gr\u0105\u017einimui be i\u0161vardyt\u0173 s\u0105lyg\u0173 taikomos\u00a0Paslaug\u0173 teikimo s\u0105lygos\u00a0(VI. PREKI\u0172 GR\u0104\u017dINIMAS) ir kiti Lietuvos Respublikoje galiojantys teis\u0117s aktai.<\/li><\/ul><\/div>\t\t\t\t\t\t\t\t<\/div>\n\t\t\t\t<\/div>\n\t\t\t\t\t<\/div>\n\t\t\t\t<\/div>\n\t\t\t\t<\/div>","protected":false},"excerpt":{"rendered":"<p>Kiekvienai m\u016bs\u0173 internetin\u0117je parduotuv\u0117je \u012fsigytai prekei taikoma 14 dien\u0173 gr\u0105\u017einimo garantija. Preki\u0173 gr\u0105\u017einimas: Gr\u0105\u017einti prek\u0119 galima per 14 kalendorini\u0173 dien\u0173 nuo jos \u012fsigijimo dienos. Gr\u0105\u017einama prek\u0117 turi b\u016bti originalioje pakuot\u0117je, nenaudota ir su visais jai priklausan\u010diais priedais (instrukcijomis ir kt.) ir dovanomis (jei toki\u0173 buvo). Prek\u0117s nebus priimamos atgal, nekei\u010diamos kitomis ir pinigai negr\u0105\u017einami, jeigu: [&hellip;]<\/p>","protected":false},"author":1,"featured_media":0,"parent":0,"menu_order":0,"comment_status":"closed","ping_status":"closed","template":"","meta":{"site-sidebar-layout":"no-sidebar","site-content-layout":"page-builder","ast-site-content-layout":"full-width-container","site-content-style":"default","site-sidebar-style":"default","ast-global-header-display":"","ast-banner-title-visibility":"","ast-main-header-display":"","ast-hfb-above-header-display":"","ast-hfb-below-header-display":"","ast-hfb-mobile-header-display":"","site-post-title":"","ast-breadcrumbs-content":"","ast-featured-img":"disabled","footer-sml-layout":"","theme-transparent-header-meta":"","adv-header-id-meta":"","stick-header-meta":"","header-above-stick-meta":"","header-main-stick-meta":"","header-below-stick-meta":"","astra-migrate-meta-layouts":"set","ast-page-background-enabled":"default","ast-page-background-meta":{"desktop":{"background-color":"","background-image":"","background-repeat":"repeat","background-position":"center center","background-size":"auto","background-attachment":"scroll","background-type":"","background-media":"","overlay-type":"","overlay-color":"","overlay-opacity":"","overlay-gradient":""},"tablet":{"background-color":"","background-image":"","background-repeat":"repeat","background-position":"center center","background-size":"auto","background-attachment":"scroll","background-type":"","background-media":"","overlay-type":"","overlay-color":"","overlay-opacity":"","overlay-gradient":""},"mobile":{"background-color":"","background-image":"","background-repeat":"repeat","background-position":"center center","background-size":"auto","background-attachment":"scroll","background-type":"","background-media":"","overlay-type":"","overlay-color":"","overlay-opacity":"","overlay-gradient":""}},"ast-content-background-meta":{"desktop":{"background-color":"var(--ast-global-color-5)","background-image":"","background-repeat":"repeat","background-position":"center center","background-size":"auto","background-attachment":"scroll","background-type":"","background-media":"","overlay-type":"","overlay-color":"","overlay-opacity":"","overlay-gradient":""},"tablet":{"background-color":"var(--ast-global-color-5)","background-image":"","background-repeat":"repeat","background-position":"center center","background-size":"auto","background-attachment":"scroll","background-type":"","background-media":"","overlay-type":"","overlay-color":"","overlay-opacity":"","overlay-gradient":""},"mobile":{"background-color":"var(--ast-global-color-5)","background-image":"","background-repeat":"repeat","background-position":"center center","background-size":"auto","background-attachment":"scroll","background-type":"","background-media":"","overlay-type":"","overlay-color":"","overlay-opacity":"","overlay-gradient":""}},"footnotes":""},"class_list":["post-2442","page","type-page","status-publish","hentry"],"yoast_head":"<!-- This site is optimized with the Yoast SEO plugin v26.5 - https:\/\/yoast.com\/wordpress\/plugins\/seo\/ -->\n<title>preki\u0173 gr\u0105\u017einimas - Cycle Shop<\/title>\n<meta name=\"description\" content=\"Preki\u0173 gr\u0105\u017einimo s\u0105lygos \u2013 su\u017einokite, kaip ir per kiek laiko galima gr\u0105\u017einti prekes bei kaip vyksta pinig\u0173 gr\u0105\u017einimas.\" \/>\n<meta name=\"robots\" content=\"noindex, follow, max-snippet:-1, max-image-preview:large, max-video-preview:-1\" \/>\n<meta property=\"og:locale\" content=\"en_US\" \/>\n<meta property=\"og:type\" content=\"article\" \/>\n<meta property=\"og:title\" content=\"preki\u0173 gr\u0105\u017einimas - Cycle Shop\" \/>\n<meta property=\"og:description\" content=\"Preki\u0173 gr\u0105\u017einimo s\u0105lygos \u2013 su\u017einokite, kaip ir per kiek laiko galima gr\u0105\u017einti prekes bei kaip vyksta pinig\u0173 gr\u0105\u017einimas.\" \/>\n<meta property=\"og:url\" content=\"https:\/\/kursai.ryteryjutaveakim.com\/en\/prekiu-grazinimas\/\" \/>\n<meta property=\"og:site_name\" content=\"Cycle Shop\" \/>\n<meta property=\"article:modified_time\" content=\"2025-12-15T06:55:58+00:00\" \/>\n<meta name=\"twitter:card\" content=\"summary_large_image\" \/>\n<meta name=\"twitter:label1\" content=\"Est. reading time\" \/>\n\t<meta name=\"twitter:data1\" content=\"2 minutes\" \/>\n<script type=\"application\/ld+json\" class=\"yoast-schema-graph\">{\"@context\":\"https:\/\/schema.org\",\"@graph\":[{\"@type\":\"WebPage\",\"@id\":\"https:\/\/kursai.ryteryjutaveakim.com\/prekiu-grazinimas\/\",\"url\":\"https:\/\/kursai.ryteryjutaveakim.com\/prekiu-grazinimas\/\",\"name\":\"preki\u0173 gr\u0105\u017einimas - Cycle Shop\",\"isPartOf\":{\"@id\":\"https:\/\/kursai.ryteryjutaveakim.com\/#website\"},\"datePublished\":\"2025-11-17T13:42:30+00:00\",\"dateModified\":\"2025-12-15T06:55:58+00:00\",\"description\":\"Preki\u0173 gr\u0105\u017einimo s\u0105lygos \u2013 su\u017einokite, kaip ir per kiek laiko galima gr\u0105\u017einti prekes bei kaip vyksta pinig\u0173 gr\u0105\u017einimas.\",\"breadcrumb\":{\"@id\":\"https:\/\/kursai.ryteryjutaveakim.com\/prekiu-grazinimas\/#breadcrumb\"},\"inLanguage\":\"en-US\",\"potentialAction\":[{\"@type\":\"ReadAction\",\"target\":[\"https:\/\/kursai.ryteryjutaveakim.com\/prekiu-grazinimas\/\"]}]},{\"@type\":\"BreadcrumbList\",\"@id\":\"https:\/\/kursai.ryteryjutaveakim.com\/prekiu-grazinimas\/#breadcrumb\",\"itemListElement\":[{\"@type\":\"ListItem\",\"position\":1,\"name\":\"Home\",\"item\":\"https:\/\/kursai.ryteryjutaveakim.com\/\"},{\"@type\":\"ListItem\",\"position\":2,\"name\":\"preki\u0173 gr\u0105\u017einimas\"}]},{\"@type\":\"WebSite\",\"@id\":\"https:\/\/kursai.ryteryjutaveakim.com\/#website\",\"url\":\"https:\/\/kursai.ryteryjutaveakim.com\/\",\"name\":\"Cycle Shop\",\"description\":\"Cycle Shop Website\",\"publisher\":{\"@id\":\"https:\/\/kursai.ryteryjutaveakim.com\/#organization\"},\"potentialAction\":[{\"@type\":\"SearchAction\",\"target\":{\"@type\":\"EntryPoint\",\"urlTemplate\":\"https:\/\/kursai.ryteryjutaveakim.com\/?s={search_term_string}\"},\"query-input\":{\"@type\":\"PropertyValueSpecification\",\"valueRequired\":true,\"valueName\":\"search_term_string\"}}],\"inLanguage\":\"en-US\"},{\"@type\":\"Organization\",\"@id\":\"https:\/\/kursai.ryteryjutaveakim.com\/#organization\",\"name\":\"Cycle Shop\",\"url\":\"https:\/\/kursai.ryteryjutaveakim.com\/\",\"logo\":{\"@type\":\"ImageObject\",\"inLanguage\":\"en-US\",\"@id\":\"https:\/\/kursai.ryteryjutaveakim.com\/#\/schema\/logo\/image\/\",\"url\":\"https:\/\/kursai.ryteryjutaveakim.com\/wp-content\/uploads\/2025\/11\/logo-sportuok-namuose1.jpg\",\"contentUrl\":\"https:\/\/kursai.ryteryjutaveakim.com\/wp-content\/uploads\/2025\/11\/logo-sportuok-namuose1.jpg\",\"width\":620,\"height\":620,\"caption\":\"Cycle Shop\"},\"image\":{\"@id\":\"https:\/\/kursai.ryteryjutaveakim.com\/#\/schema\/logo\/image\/\"}}]}<\/script>\n<!-- \/ Yoast SEO plugin. -->","yoast_head_json":{"title":"preki\u0173 gr\u0105\u017einimas - Cycle Shop","description":"Preki\u0173 gr\u0105\u017einimo s\u0105lygos \u2013 su\u017einokite, kaip ir per kiek laiko galima gr\u0105\u017einti prekes bei kaip vyksta pinig\u0173 gr\u0105\u017einimas.","robots":{"index":"noindex","follow":"follow","max-snippet":"max-snippet:-1","max-image-preview":"max-image-preview:large","max-video-preview":"max-video-preview:-1"},"og_locale":"en_US","og_type":"article","og_title":"preki\u0173 gr\u0105\u017einimas - Cycle Shop","og_description":"Preki\u0173 gr\u0105\u017einimo s\u0105lygos \u2013 su\u017einokite, kaip ir per kiek laiko galima gr\u0105\u017einti prekes bei kaip vyksta pinig\u0173 gr\u0105\u017einimas.","og_url":"https:\/\/kursai.ryteryjutaveakim.com\/en\/prekiu-grazinimas\/","og_site_name":"Cycle Shop","article_modified_time":"2025-12-15T06:55:58+00:00","twitter_card":"summary_large_image","twitter_misc":{"Est. reading time":"2 minutes"},"schema":{"@context":"https:\/\/schema.org","@graph":[{"@type":"WebPage","@id":"https:\/\/kursai.ryteryjutaveakim.com\/prekiu-grazinimas\/","url":"https:\/\/kursai.ryteryjutaveakim.com\/prekiu-grazinimas\/","name":"preki\u0173 gr\u0105\u017einimas - Cycle Shop","isPartOf":{"@id":"https:\/\/kursai.ryteryjutaveakim.com\/#website"},"datePublished":"2025-11-17T13:42:30+00:00","dateModified":"2025-12-15T06:55:58+00:00","description":"Preki\u0173 gr\u0105\u017einimo s\u0105lygos \u2013 su\u017einokite, kaip ir per kiek laiko galima gr\u0105\u017einti prekes bei kaip vyksta pinig\u0173 gr\u0105\u017einimas.","breadcrumb":{"@id":"https:\/\/kursai.ryteryjutaveakim.com\/prekiu-grazinimas\/#breadcrumb"},"inLanguage":"en-US","potentialAction":[{"@type":"ReadAction","target":["https:\/\/kursai.ryteryjutaveakim.com\/prekiu-grazinimas\/"]}]},{"@type":"BreadcrumbList","@id":"https:\/\/kursai.ryteryjutaveakim.com\/prekiu-grazinimas\/#breadcrumb","itemListElement":[{"@type":"ListItem","position":1,"name":"Home","item":"https:\/\/kursai.ryteryjutaveakim.com\/"},{"@type":"ListItem","position":2,"name":"preki\u0173 gr\u0105\u017einimas"}]},{"@type":"WebSite","@id":"https:\/\/kursai.ryteryjutaveakim.com\/#website","url":"https:\/\/kursai.ryteryjutaveakim.com\/","name":"Cycle Shop","description":"Cycle Shop Website","publisher":{"@id":"https:\/\/kursai.ryteryjutaveakim.com\/#organization"},"potentialAction":[{"@type":"SearchAction","target":{"@type":"EntryPoint","urlTemplate":"https:\/\/kursai.ryteryjutaveakim.com\/?s={search_term_string}"},"query-input":{"@type":"PropertyValueSpecification","valueRequired":true,"valueName":"search_term_string"}}],"inLanguage":"en-US"},{"@type":"Organization","@id":"https:\/\/kursai.ryteryjutaveakim.com\/#organization","name":"Cycle Shop","url":"https:\/\/kursai.ryteryjutaveakim.com\/","logo":{"@type":"ImageObject","inLanguage":"en-US","@id":"https:\/\/kursai.ryteryjutaveakim.com\/#\/schema\/logo\/image\/","url":"https:\/\/kursai.ryteryjutaveakim.com\/wp-content\/uploads\/2025\/11\/logo-sportuok-namuose1.jpg","contentUrl":"https:\/\/kursai.ryteryjutaveakim.com\/wp-content\/uploads\/2025\/11\/logo-sportuok-namuose1.jpg","width":620,"height":620,"caption":"Cycle Shop"},"image":{"@id":"https:\/\/kursai.ryteryjutaveakim.com\/#\/schema\/logo\/image\/"}}]}},"_hostinger_reach_plugin_has_subscription_block":false,"_hostinger_reach_plugin_is_elementor":false,"_links":{"self":[{"href":"https:\/\/kursai.ryteryjutaveakim.com\/en\/wp-json\/wp\/v2\/pages\/2442","targetHints":{"allow":["GET"]}}],"collection":[{"href":"https:\/\/kursai.ryteryjutaveakim.com\/en\/wp-json\/wp\/v2\/pages"}],"about":[{"href":"https:\/\/kursai.ryteryjutaveakim.com\/en\/wp-json\/wp\/v2\/types\/page"}],"author":[{"embeddable":true,"href":"https:\/\/kursai.ryteryjutaveakim.com\/en\/wp-json\/wp\/v2\/users\/1"}],"replies":[{"embeddable":true,"href":"https:\/\/kursai.ryteryjutaveakim.com\/en\/wp-json\/wp\/v2\/comments?post=2442"}],"version-history":[{"count":7,"href":"https:\/\/kursai.ryteryjutaveakim.com\/en\/wp-json\/wp\/v2\/pages\/2442\/revisions"}],"predecessor-version":[{"id":2923,"href":"https:\/\/kursai.ryteryjutaveakim.com\/en\/wp-json\/wp\/v2\/pages\/2442\/revisions\/2923"}],"wp:attachment":[{"href":"https:\/\/kursai.ryteryjutaveakim.com\/en\/wp-json\/wp\/v2\/media?parent=2442"}],"curies":[{"name":"wp","href":"https:\/\/api.w.org\/{rel}","templated":true}]}}