{"id":2498,"date":"2025-11-18T09:56:56","date_gmt":"2025-11-18T09:56:56","guid":{"rendered":"https:\/\/kursai.ryteryjutaveakim.com\/?post_type=product&#038;p=2498"},"modified":"2025-11-19T12:14:48","modified_gmt":"2025-11-19T12:14:48","slug":"elipsinis-dviratis-kettler-optima-600","status":"publish","type":"product","link":"https:\/\/kursai.ryteryjutaveakim.com\/en\/product\/elipsinis-dviratis-kettler-optima-600\/","title":{"rendered":"Elipsinis dviratis  KETTLER OPTIMA 600"},"content":{"rendered":"<p><span data-sheets-root=\"1\">KETTLER kompanija geriausiai \u017einoma kaip treniruokli\u0173 gamintoja. Kompanija \u012fkurta Vokietijoje 1949 metais, jos \u012fk\u016br\u0117jas Heinz Kettler kompanijai vadovavo daugiau nei 55 metus. Iki 1970 m. daugiausiai d\u0117mesio skiriama turistinio inventoriaus gamybai. Nuo 1970 m. prad\u0117tas gaminti atletin\u0117s gimnastikos inventorius. KETTLER produkcijos asortimentas yra itin platus: \u012fvair\u016bs treniruokliai, gimnastikos inventorius, stalo teniso stalai ir inventorius, vaik\u0173 \u017eaidim\u0173 aik\u0161tel\u0117s, pedaliniai automobiliai, triratukai, dvira\u010diai, sodo baldai ir kita. Kettler produkcijos gamyboje naudojami savi patentuoti i\u0161radimai. Vokie\u010diai, kaip \u017einia, vertina kokyb\u0119 bei patikimum\u0105, tod\u0117l kompanijos \u0161\u016bkis \u201eTikra Voki\u0161ka kokyb\u0117\u201c yra pripa\u017eintas visame pasaulyje.<br \/>\nKETTLER gamina auk\u0161\u010diausios kokyb\u0117s produktus pla\u010diai pripa\u017eintus Europoje ir pasaulyje. KETTLER produkcija lyderiauja Europos rinkoje. JAV, \u0161alyje pirmaujan\u010dioje sportin\u0117s \u012frangos gamyboje, buvo atidaryta KETTLER atstovyb\u0117. Did\u017eioji dalis KETTLER produkcijos eksportuojama \u012f \u0161i\u0105 \u0161al\u012f. KETTLER kompanijos produkcij\u0105 d\u0117l savo auk\u0161tos kokyb\u0117s labai pam\u0117go amerikie\u010diai. Kompanijos vardas siejamas tik su auk\u0161\u010diausios kokyb\u0117s sporto \u012franga.<br \/>\nKETTLER produkt\u0173 kainos pateisina auk\u0161t\u0105 produkto kokyb\u0119. Treniruokliai, pagaminti Vokietijoje, kruop\u0161\u010diai testuojami vadovaujantis Europos ir tarptautiniais saugumo ir kokyb\u0117s standartais. Visi KETTLER treniruokliai yra pa\u017eenklinti simboliu GS, tai rodo, jog \u0161i produkcija atitinka Europos saugumo standartus.<br \/>\nAuk\u0161ta kokyb\u0117, nuolat atsinaujinantis produkcijos asortimentas, puikios bendradarbiavimo s\u0105lygos tik pabr\u0117\u017eia firmos KETTLER individualum\u0105 ir patikimum\u0105.<\/span><\/p>","protected":false},"excerpt":{"rendered":"<p><span data-sheets-root=\"1\">Kettler OPTIMA elipsinis treniruoklis \u2013 puikus pasirinkimas sportui namuose. \u0160velnus, tolygus ir nepertraukiamas jud\u0117jimas elipse stiprina koj\u0173, klubo raumenis tuo pa\u010diu neapkrauna s\u0105nari\u0173. Elipsiniai treniruokliai Kettler OPTIMA rekomenduojami visiems norintiems pagerinti savo fizin\u0119 form\u0105, treniruojant tikslines raumen\u0173 grupes. Veiksminga viso k\u016bno mank\u0161ta, kurios metu jausit\u0117s taip, lyg vaik\u0161\u010diotum\u0117te oru. Kettler elipsiniuose treniruokliuose puikia dera fizin\u0117 apkrova ir ergonomika. \u0160ie treniruokliai i\u0161siskiria novatori\u0161ku dizainu ir naujausiomis technologijomis.<\/span><\/p>","protected":false},"featured_media":2499,"comment_status":"open","ping_status":"closed","template":"","meta":{"site-sidebar-layout":"default","site-content-layout":"","ast-site-content-layout":"default","site-content-style":"default","site-sidebar-style":"default","ast-global-header-display":"","ast-banner-title-visibility":"","ast-main-header-display":"","ast-hfb-above-header-display":"","ast-hfb-below-header-display":"","ast-hfb-mobile-header-display":"","site-post-title":"","ast-breadcrumbs-content":"","ast-featured-img":"","footer-sml-layout":"","theme-transparent-header-meta":"default","adv-header-id-meta":"","stick-header-meta":"","header-above-stick-meta":"","header-main-stick-meta":"","header-below-stick-meta":"","astra-migrate-meta-layouts":"set","ast-page-background-enabled":"default","ast-page-background-meta":{"desktop":{"background-color":"","background-image":"","background-repeat":"repeat","background-position":"center center","background-size":"auto","background-attachment":"scroll","background-type":"","background-media":"","overlay-type":"","overlay-color":"","overlay-opacity":"","overlay-gradient":""},"tablet":{"background-color":"","background-image":"","background-repeat":"repeat","background-position":"center center","background-size":"auto","background-attachment":"scroll","background-type":"","background-media":"","overlay-type":"","overlay-color":"","overlay-opacity":"","overlay-gradient":""},"mobile":{"background-color":"","background-image":"","background-repeat":"repeat","background-position":"center center","background-size":"auto","background-attachment":"scroll","background-type":"","background-media":"","overlay-type":"","overlay-color":"","overlay-opacity":"","overlay-gradient":""}},"ast-content-background-meta":{"desktop":{"background-color":"var(--ast-global-color-5)","background-image":"","background-repeat":"repeat","background-position":"center center","background-size":"auto","background-attachment":"scroll","background-type":"","background-media":"","overlay-type":"","overlay-color":"","overlay-opacity":"","overlay-gradient":""},"tablet":{"background-color":"var(--ast-global-color-5)","background-image":"","background-repeat":"repeat","background-position":"center center","background-size":"auto","background-attachment":"scroll","background-type":"","background-media":"","overlay-type":"","overlay-color":"","overlay-opacity":"","overlay-gradient":""},"mobile":{"background-color":"var(--ast-global-color-5)","background-image":"","background-repeat":"repeat","background-position":"center center","background-size":"auto","background-attachment":"scroll","background-type":"","background-media":"","overlay-type":"","overlay-color":"","overlay-opacity":"","overlay-gradient":""}}},"product_brand":[],"product_cat":[48],"product_tag":[],"class_list":{"0":"post-2498","1":"product","2":"type-product","3":"status-publish","4":"has-post-thumbnail","6":"product_cat-elipsiniai-treniruokliai","7":"desktop-align-left","8":"tablet-align-left","9":"mobile-align-left","11":"first","12":"instock","13":"shipping-taxable","14":"purchasable","15":"product-type-simple"},"yoast_head":"<!-- This site is optimized with the Yoast SEO plugin v26.5 - https:\/\/yoast.com\/wordpress\/plugins\/seo\/ -->\n<title>Elipsinis dviratis KETTLER OPTIMA 600<\/title>\n<meta name=\"description\" content=\"Kettler OPTIMA elipsinis treniruoklis \u2013 puikus pasirinkimas sportui namuose. \u0160velnus, tolygus ir nepertraukiamas jud\u0117jimas elipse stiprina koj\u0173, klubo raumenis tuo pa\u010diu neapkrauna s\u0105nari\u0173. Elipsiniai treniruokliai Kettler OPTIMA rekomenduojami visiems norintiems pagerinti savo fizin\u0119 form\u0105, treniruojant tikslines raumen\u0173 grupes. Veiksminga viso k\u016bno mank\u0161ta, kurios metu jausit\u0117s taip, lyg vaik\u0161\u010diotum\u0117te oru. Kettler elipsiniuose treniruokliuose puikia dera fizin\u0117 apkrova ir ergonomika. \u0160ie treniruokliai i\u0161siskiria novatori\u0161ku dizainu ir naujausiomis technologijomis.\" \/>\n<meta name=\"robots\" content=\"noindex, follow, max-snippet:-1, max-image-preview:large, max-video-preview:-1\" \/>\n<meta property=\"og:locale\" content=\"en_US\" \/>\n<meta property=\"og:type\" content=\"article\" \/>\n<meta property=\"og:title\" content=\"Elipsinis dviratis KETTLER OPTIMA 600\" \/>\n<meta property=\"og:description\" content=\"Kettler OPTIMA elipsinis treniruoklis \u2013 puikus pasirinkimas sportui namuose. \u0160velnus, tolygus ir nepertraukiamas jud\u0117jimas elipse stiprina koj\u0173, klubo raumenis tuo pa\u010diu neapkrauna s\u0105nari\u0173. Elipsiniai treniruokliai Kettler OPTIMA rekomenduojami visiems norintiems pagerinti savo fizin\u0119 form\u0105, treniruojant tikslines raumen\u0173 grupes. Veiksminga viso k\u016bno mank\u0161ta, kurios metu jausit\u0117s taip, lyg vaik\u0161\u010diotum\u0117te oru. Kettler elipsiniuose treniruokliuose puikia dera fizin\u0117 apkrova ir ergonomika. \u0160ie treniruokliai i\u0161siskiria novatori\u0161ku dizainu ir naujausiomis technologijomis.\" \/>\n<meta property=\"og:url\" content=\"https:\/\/kursai.ryteryjutaveakim.com\/en\/product\/elipsinis-dviratis-kettler-optima-600\/\" \/>\n<meta property=\"og:site_name\" content=\"Cycle Shop\" \/>\n<meta property=\"article:modified_time\" content=\"2025-11-19T12:14:48+00:00\" \/>\n<meta property=\"og:image\" content=\"https:\/\/kursai.ryteryjutaveakim.com\/wp-content\/uploads\/2025\/11\/optima-600-1.jpg\" \/>\n\t<meta property=\"og:image:width\" content=\"1000\" \/>\n\t<meta property=\"og:image:height\" content=\"1000\" \/>\n\t<meta property=\"og:image:type\" content=\"image\/jpeg\" \/>\n<meta name=\"twitter:card\" content=\"summary_large_image\" \/>\n<meta name=\"twitter:label1\" content=\"Est. reading time\" \/>\n\t<meta name=\"twitter:data1\" content=\"1 minute\" \/>\n<script type=\"application\/ld+json\" class=\"yoast-schema-graph\">{\"@context\":\"https:\/\/schema.org\",\"@graph\":[{\"@type\":\"WebPage\",\"@id\":\"https:\/\/kursai.ryteryjutaveakim.com\/product\/elipsinis-dviratis-kettler-optima-600\/\",\"url\":\"https:\/\/kursai.ryteryjutaveakim.com\/product\/elipsinis-dviratis-kettler-optima-600\/\",\"name\":\"Elipsinis dviratis KETTLER OPTIMA 600\",\"isPartOf\":{\"@id\":\"https:\/\/kursai.ryteryjutaveakim.com\/#website\"},\"primaryImageOfPage\":{\"@id\":\"https:\/\/kursai.ryteryjutaveakim.com\/product\/elipsinis-dviratis-kettler-optima-600\/#primaryimage\"},\"image\":{\"@id\":\"https:\/\/kursai.ryteryjutaveakim.com\/product\/elipsinis-dviratis-kettler-optima-600\/#primaryimage\"},\"thumbnailUrl\":\"https:\/\/kursai.ryteryjutaveakim.com\/wp-content\/uploads\/2025\/11\/optima-600-1.jpg\",\"datePublished\":\"2025-11-18T09:56:56+00:00\",\"dateModified\":\"2025-11-19T12:14:48+00:00\",\"description\":\"Kettler OPTIMA elipsinis treniruoklis \u2013 puikus pasirinkimas sportui namuose. \u0160velnus, tolygus ir nepertraukiamas jud\u0117jimas elipse stiprina koj\u0173, klubo raumenis tuo pa\u010diu neapkrauna s\u0105nari\u0173. Elipsiniai treniruokliai Kettler OPTIMA rekomenduojami visiems norintiems pagerinti savo fizin\u0119 form\u0105, treniruojant tikslines raumen\u0173 grupes. Veiksminga viso k\u016bno mank\u0161ta, kurios metu jausit\u0117s taip, lyg vaik\u0161\u010diotum\u0117te oru. Kettler elipsiniuose treniruokliuose puikia dera fizin\u0117 apkrova ir ergonomika. \u0160ie treniruokliai i\u0161siskiria novatori\u0161ku dizainu ir naujausiomis technologijomis.\",\"breadcrumb\":{\"@id\":\"https:\/\/kursai.ryteryjutaveakim.com\/product\/elipsinis-dviratis-kettler-optima-600\/#breadcrumb\"},\"inLanguage\":\"en-US\",\"potentialAction\":[{\"@type\":\"ReadAction\",\"target\":[\"https:\/\/kursai.ryteryjutaveakim.com\/product\/elipsinis-dviratis-kettler-optima-600\/\"]}]},{\"@type\":\"ImageObject\",\"inLanguage\":\"en-US\",\"@id\":\"https:\/\/kursai.ryteryjutaveakim.com\/product\/elipsinis-dviratis-kettler-optima-600\/#primaryimage\",\"url\":\"https:\/\/kursai.ryteryjutaveakim.com\/wp-content\/uploads\/2025\/11\/optima-600-1.jpg\",\"contentUrl\":\"https:\/\/kursai.ryteryjutaveakim.com\/wp-content\/uploads\/2025\/11\/optima-600-1.jpg\",\"width\":1000,\"height\":1000,\"caption\":\"Elipsinis treniruoklis nam\u0173 sportui\"},{\"@type\":\"BreadcrumbList\",\"@id\":\"https:\/\/kursai.ryteryjutaveakim.com\/product\/elipsinis-dviratis-kettler-optima-600\/#breadcrumb\",\"itemListElement\":[{\"@type\":\"ListItem\",\"position\":1,\"name\":\"Home\",\"item\":\"https:\/\/kursai.ryteryjutaveakim.com\/\"},{\"@type\":\"ListItem\",\"position\":2,\"name\":\"Shop\",\"item\":\"https:\/\/kursai.ryteryjutaveakim.com\/shop-2\/\"},{\"@type\":\"ListItem\",\"position\":3,\"name\":\"Elipsinis dviratis KETTLER OPTIMA 600\"}]},{\"@type\":\"WebSite\",\"@id\":\"https:\/\/kursai.ryteryjutaveakim.com\/#website\",\"url\":\"https:\/\/kursai.ryteryjutaveakim.com\/\",\"name\":\"Cycle Shop\",\"description\":\"Cycle Shop Website\",\"publisher\":{\"@id\":\"https:\/\/kursai.ryteryjutaveakim.com\/#organization\"},\"potentialAction\":[{\"@type\":\"SearchAction\",\"target\":{\"@type\":\"EntryPoint\",\"urlTemplate\":\"https:\/\/kursai.ryteryjutaveakim.com\/?s={search_term_string}\"},\"query-input\":{\"@type\":\"PropertyValueSpecification\",\"valueRequired\":true,\"valueName\":\"search_term_string\"}}],\"inLanguage\":\"en-US\"},{\"@type\":\"Organization\",\"@id\":\"https:\/\/kursai.ryteryjutaveakim.com\/#organization\",\"name\":\"Cycle Shop\",\"url\":\"https:\/\/kursai.ryteryjutaveakim.com\/\",\"logo\":{\"@type\":\"ImageObject\",\"inLanguage\":\"en-US\",\"@id\":\"https:\/\/kursai.ryteryjutaveakim.com\/#\/schema\/logo\/image\/\",\"url\":\"https:\/\/kursai.ryteryjutaveakim.com\/wp-content\/uploads\/2025\/11\/logo-sportuok-namuose1.jpg\",\"contentUrl\":\"https:\/\/kursai.ryteryjutaveakim.com\/wp-content\/uploads\/2025\/11\/logo-sportuok-namuose1.jpg\",\"width\":620,\"height\":620,\"caption\":\"Cycle Shop\"},\"image\":{\"@id\":\"https:\/\/kursai.ryteryjutaveakim.com\/#\/schema\/logo\/image\/\"}}]}<\/script>\n<!-- \/ Yoast SEO plugin. -->","yoast_head_json":{"title":"Elipsinis dviratis KETTLER OPTIMA 600","description":"Kettler OPTIMA elipsinis treniruoklis \u2013 puikus pasirinkimas sportui namuose. \u0160velnus, tolygus ir nepertraukiamas jud\u0117jimas elipse stiprina koj\u0173, klubo raumenis tuo pa\u010diu neapkrauna s\u0105nari\u0173. Elipsiniai treniruokliai Kettler OPTIMA rekomenduojami visiems norintiems pagerinti savo fizin\u0119 form\u0105, treniruojant tikslines raumen\u0173 grupes. Veiksminga viso k\u016bno mank\u0161ta, kurios metu jausit\u0117s taip, lyg vaik\u0161\u010diotum\u0117te oru. Kettler elipsiniuose treniruokliuose puikia dera fizin\u0117 apkrova ir ergonomika. \u0160ie treniruokliai i\u0161siskiria novatori\u0161ku dizainu ir naujausiomis technologijomis.","robots":{"index":"noindex","follow":"follow","max-snippet":"max-snippet:-1","max-image-preview":"max-image-preview:large","max-video-preview":"max-video-preview:-1"},"og_locale":"en_US","og_type":"article","og_title":"Elipsinis dviratis KETTLER OPTIMA 600","og_description":"Kettler OPTIMA elipsinis treniruoklis \u2013 puikus pasirinkimas sportui namuose. \u0160velnus, tolygus ir nepertraukiamas jud\u0117jimas elipse stiprina koj\u0173, klubo raumenis tuo pa\u010diu neapkrauna s\u0105nari\u0173. Elipsiniai treniruokliai Kettler OPTIMA rekomenduojami visiems norintiems pagerinti savo fizin\u0119 form\u0105, treniruojant tikslines raumen\u0173 grupes. Veiksminga viso k\u016bno mank\u0161ta, kurios metu jausit\u0117s taip, lyg vaik\u0161\u010diotum\u0117te oru. Kettler elipsiniuose treniruokliuose puikia dera fizin\u0117 apkrova ir ergonomika. \u0160ie treniruokliai i\u0161siskiria novatori\u0161ku dizainu ir naujausiomis technologijomis.","og_url":"https:\/\/kursai.ryteryjutaveakim.com\/en\/product\/elipsinis-dviratis-kettler-optima-600\/","og_site_name":"Cycle Shop","article_modified_time":"2025-11-19T12:14:48+00:00","og_image":[{"width":1000,"height":1000,"url":"https:\/\/kursai.ryteryjutaveakim.com\/wp-content\/uploads\/2025\/11\/optima-600-1.jpg","type":"image\/jpeg"}],"twitter_card":"summary_large_image","twitter_misc":{"Est. reading time":"1 minute"},"schema":{"@context":"https:\/\/schema.org","@graph":[{"@type":"WebPage","@id":"https:\/\/kursai.ryteryjutaveakim.com\/product\/elipsinis-dviratis-kettler-optima-600\/","url":"https:\/\/kursai.ryteryjutaveakim.com\/product\/elipsinis-dviratis-kettler-optima-600\/","name":"Elipsinis dviratis KETTLER OPTIMA 600","isPartOf":{"@id":"https:\/\/kursai.ryteryjutaveakim.com\/#website"},"primaryImageOfPage":{"@id":"https:\/\/kursai.ryteryjutaveakim.com\/product\/elipsinis-dviratis-kettler-optima-600\/#primaryimage"},"image":{"@id":"https:\/\/kursai.ryteryjutaveakim.com\/product\/elipsinis-dviratis-kettler-optima-600\/#primaryimage"},"thumbnailUrl":"https:\/\/kursai.ryteryjutaveakim.com\/wp-content\/uploads\/2025\/11\/optima-600-1.jpg","datePublished":"2025-11-18T09:56:56+00:00","dateModified":"2025-11-19T12:14:48+00:00","description":"Kettler OPTIMA elipsinis treniruoklis \u2013 puikus pasirinkimas sportui namuose. \u0160velnus, tolygus ir nepertraukiamas jud\u0117jimas elipse stiprina koj\u0173, klubo raumenis tuo pa\u010diu neapkrauna s\u0105nari\u0173. Elipsiniai treniruokliai Kettler OPTIMA rekomenduojami visiems norintiems pagerinti savo fizin\u0119 form\u0105, treniruojant tikslines raumen\u0173 grupes. Veiksminga viso k\u016bno mank\u0161ta, kurios metu jausit\u0117s taip, lyg vaik\u0161\u010diotum\u0117te oru. Kettler elipsiniuose treniruokliuose puikia dera fizin\u0117 apkrova ir ergonomika. \u0160ie treniruokliai i\u0161siskiria novatori\u0161ku dizainu ir naujausiomis technologijomis.","breadcrumb":{"@id":"https:\/\/kursai.ryteryjutaveakim.com\/product\/elipsinis-dviratis-kettler-optima-600\/#breadcrumb"},"inLanguage":"en-US","potentialAction":[{"@type":"ReadAction","target":["https:\/\/kursai.ryteryjutaveakim.com\/product\/elipsinis-dviratis-kettler-optima-600\/"]}]},{"@type":"ImageObject","inLanguage":"en-US","@id":"https:\/\/kursai.ryteryjutaveakim.com\/product\/elipsinis-dviratis-kettler-optima-600\/#primaryimage","url":"https:\/\/kursai.ryteryjutaveakim.com\/wp-content\/uploads\/2025\/11\/optima-600-1.jpg","contentUrl":"https:\/\/kursai.ryteryjutaveakim.com\/wp-content\/uploads\/2025\/11\/optima-600-1.jpg","width":1000,"height":1000,"caption":"Elipsinis treniruoklis nam\u0173 sportui"},{"@type":"BreadcrumbList","@id":"https:\/\/kursai.ryteryjutaveakim.com\/product\/elipsinis-dviratis-kettler-optima-600\/#breadcrumb","itemListElement":[{"@type":"ListItem","position":1,"name":"Home","item":"https:\/\/kursai.ryteryjutaveakim.com\/"},{"@type":"ListItem","position":2,"name":"Shop","item":"https:\/\/kursai.ryteryjutaveakim.com\/shop-2\/"},{"@type":"ListItem","position":3,"name":"Elipsinis dviratis KETTLER OPTIMA 600"}]},{"@type":"WebSite","@id":"https:\/\/kursai.ryteryjutaveakim.com\/#website","url":"https:\/\/kursai.ryteryjutaveakim.com\/","name":"Cycle Shop","description":"Cycle Shop Website","publisher":{"@id":"https:\/\/kursai.ryteryjutaveakim.com\/#organization"},"potentialAction":[{"@type":"SearchAction","target":{"@type":"EntryPoint","urlTemplate":"https:\/\/kursai.ryteryjutaveakim.com\/?s={search_term_string}"},"query-input":{"@type":"PropertyValueSpecification","valueRequired":true,"valueName":"search_term_string"}}],"inLanguage":"en-US"},{"@type":"Organization","@id":"https:\/\/kursai.ryteryjutaveakim.com\/#organization","name":"Cycle Shop","url":"https:\/\/kursai.ryteryjutaveakim.com\/","logo":{"@type":"ImageObject","inLanguage":"en-US","@id":"https:\/\/kursai.ryteryjutaveakim.com\/#\/schema\/logo\/image\/","url":"https:\/\/kursai.ryteryjutaveakim.com\/wp-content\/uploads\/2025\/11\/logo-sportuok-namuose1.jpg","contentUrl":"https:\/\/kursai.ryteryjutaveakim.com\/wp-content\/uploads\/2025\/11\/logo-sportuok-namuose1.jpg","width":620,"height":620,"caption":"Cycle Shop"},"image":{"@id":"https:\/\/kursai.ryteryjutaveakim.com\/#\/schema\/logo\/image\/"}}]}},"_links":{"self":[{"href":"https:\/\/kursai.ryteryjutaveakim.com\/en\/wp-json\/wp\/v2\/product\/2498","targetHints":{"allow":["GET"]}}],"collection":[{"href":"https:\/\/kursai.ryteryjutaveakim.com\/en\/wp-json\/wp\/v2\/product"}],"about":[{"href":"https:\/\/kursai.ryteryjutaveakim.com\/en\/wp-json\/wp\/v2\/types\/product"}],"replies":[{"embeddable":true,"href":"https:\/\/kursai.ryteryjutaveakim.com\/en\/wp-json\/wp\/v2\/comments?post=2498"}],"wp:featuredmedia":[{"embeddable":true,"href":"https:\/\/kursai.ryteryjutaveakim.com\/en\/wp-json\/wp\/v2\/media\/2499"}],"wp:attachment":[{"href":"https:\/\/kursai.ryteryjutaveakim.com\/en\/wp-json\/wp\/v2\/media?parent=2498"}],"wp:term":[{"taxonomy":"product_brand","embeddable":true,"href":"https:\/\/kursai.ryteryjutaveakim.com\/en\/wp-json\/wp\/v2\/product_brand?post=2498"},{"taxonomy":"product_cat","embeddable":true,"href":"https:\/\/kursai.ryteryjutaveakim.com\/en\/wp-json\/wp\/v2\/product_cat?post=2498"},{"taxonomy":"product_tag","embeddable":true,"href":"https:\/\/kursai.ryteryjutaveakim.com\/en\/wp-json\/wp\/v2\/product_tag?post=2498"}],"curies":[{"name":"wp","href":"https:\/\/api.w.org\/{rel}","templated":true}]}}