{"id":2521,"date":"2025-11-18T10:12:52","date_gmt":"2025-11-18T10:12:52","guid":{"rendered":"https:\/\/kursai.ryteryjutaveakim.com\/?post_type=product&#038;p=2521"},"modified":"2025-11-21T10:03:26","modified_gmt":"2025-11-21T10:03:26","slug":"begimo-takelis-nordictrack-t-7-5-s","status":"publish","type":"product","link":"https:\/\/kursai.ryteryjutaveakim.com\/en\/product\/begimo-takelis-nordictrack-t-7-5-s\/","title":{"rendered":"B\u0117gimo takelis NORDICTRACK T 7.5 S"},"content":{"rendered":"<p><span data-sheets-root=\"1\">Reguliuojama \u012fkaln\u0117<br \/>\nDar daugiau sudegint\u0173 kalorij\u0173 ir galimyb\u0117 treniruoti daugiau skirting\u0173 raumen\u0173 grupi\u0173 \u2013 klub\u0173, s\u0117dmen\u0173 ir blauzd\u0173. Visa tai jums suteiks reguliuojama b\u0117gimo takelio \u012fkaln\u0117. Vienu mygtuko paspaudimu gal\u0117site j\u0105 padidinti iki 12%. Naudojant iFit\u00ae Coach, treniruot\u0117s metu puikiai atkartojamas vietov\u0117s reljefas suteiks i\u0161skirtini\u0173 \u012fsp\u016bd\u017ei\u0173 ir potyri\u0173, tarsi b\u0117gtum\u0117te\/ eitum\u0117te tikra trasa.<\/span><\/p>\n<p>Funkcionalus valdymo skydas ir ekranas<br \/>\nItin patogus ir funkcionalus 7\u201c ekranas su nelimituotu treniruo\u010di\u0173 skai\u010diumi. NordicTrack T7.5 S ekrane gal\u0117site steb\u0117ti vis\u0105 treniruot\u0117s statistik\u0105 (b\u0117gimo greit\u012f, \u012fveikt\u0105 atstum\u0105, sudegintas kalorijas), palaikyti tinkam\u0105 \u0161irdies ritm\u0105 ir naudotis iFit\u00ae Coach interaktyvia treniruo\u010di\u0173 platforma.<\/p>\n<p>Plati b\u0117gimo juosta<br \/>\nNeslystantis, itin mink\u0161tas takelio b\u0117gimo pavir\u0161ius u\u017etikrins realaus b\u0117gimo poj\u016b\u010dius. 51 x 152 cm b\u0117gimo juosta leis itin komfortabiliai jaustis tiek profesionaliems atletams, tiek auk\u0161tesniems \u017emon\u0117ms, kuri\u0173 \u017eingsnis yra didesnis. Po b\u0117gimo juosta esanti FlexSelect \u2122 amortizacin\u0117 sistema suteikia ne tik papildomo komforto, bet ir saugo s\u0105narius bei stubur\u0105 nuo perkrov\u0173 ir traum\u0173 b\u0117gimo metu.<\/p>\n<p>Variklis ir greitis<br \/>\nTyliai ir skland\u017eiai dirbantis galingas 3.0 CHP b\u0117gimo takelio variklis, leid\u017eia i\u0161vystyti 22km\/h greitis.<\/p>\n<p>Papildomas komfortas<br \/>\nNeskaitant vis\u0173 i\u0161vardint\u0173 privalum\u0173, toki\u0173 kaip patogus ekranas, plati b\u0117gimo juosta ar galingas variklis, dar vienas i\u0161 treniruoklio privalum\u0173 \u2013 \u012fmontuotos net 2 garso kolon\u0117l\u0117s leis m\u0117gautis m\u0117gstama muzika.<\/p>\n<p>Patogus naudojimas namuose<br \/>\nPatentuota Space Saver\u2122 sistema su EasyLift\u2122 pak\u0117limo funkcija leis b\u0117gimo takel\u012f patogiai ir saugiai sulenkti \u012f vertikali\u0105 pad\u0117t\u012f. B\u0117gimo takelis lengvai ir patogiai transportuojamas speciali\u0173 ratuk\u0173 pagalba.<\/p>\n<p>\u0160irdies veikla<br \/>\nTreniruoklio rankenose \u012fmontuoti EKG pulso sensoriai leis nuolat steb\u0117ti ir sekti \u0161irdies ritm\u0105 treniruot\u0117s metu.<\/p>","protected":false},"excerpt":{"rendered":"<p><span data-sheets-root=\"1\">Su NordicTrack T7.5 S b\u0117gimo takeliu susikurk asmenin\u0119 treniruot\u0119 arba pasirink garsi\u0173 pasauli\u0173 treneri\u0173 sukurtas treniruotes nei\u0161eidamas i\u0161 nam\u0173. \u0160is treniruoklis puikus pasirinkimas neturintiems daug vietos, ta\u010diau norintiems patogiai sportuoti namuose. D\u0117l savo savybi\u0173 ir funkcionalumo, NordicTrack T7.5 S J\u016bs\u0173 treniruot\u0119 pavers ne tik naudinga, bet ir malonia.<\/span><\/p>","protected":false},"featured_media":2522,"comment_status":"open","ping_status":"closed","template":"","meta":{"site-sidebar-layout":"default","site-content-layout":"","ast-site-content-layout":"default","site-content-style":"default","site-sidebar-style":"default","ast-global-header-display":"","ast-banner-title-visibility":"","ast-main-header-display":"","ast-hfb-above-header-display":"","ast-hfb-below-header-display":"","ast-hfb-mobile-header-display":"","site-post-title":"","ast-breadcrumbs-content":"","ast-featured-img":"","footer-sml-layout":"","theme-transparent-header-meta":"default","adv-header-id-meta":"","stick-header-meta":"","header-above-stick-meta":"","header-main-stick-meta":"","header-below-stick-meta":"","astra-migrate-meta-layouts":"set","ast-page-background-enabled":"default","ast-page-background-meta":{"desktop":{"background-color":"","background-image":"","background-repeat":"repeat","background-position":"center center","background-size":"auto","background-attachment":"scroll","background-type":"","background-media":"","overlay-type":"","overlay-color":"","overlay-opacity":"","overlay-gradient":""},"tablet":{"background-color":"","background-image":"","background-repeat":"repeat","background-position":"center center","background-size":"auto","background-attachment":"scroll","background-type":"","background-media":"","overlay-type":"","overlay-color":"","overlay-opacity":"","overlay-gradient":""},"mobile":{"background-color":"","background-image":"","background-repeat":"repeat","background-position":"center center","background-size":"auto","background-attachment":"scroll","background-type":"","background-media":"","overlay-type":"","overlay-color":"","overlay-opacity":"","overlay-gradient":""}},"ast-content-background-meta":{"desktop":{"background-color":"var(--ast-global-color-5)","background-image":"","background-repeat":"repeat","background-position":"center center","background-size":"auto","background-attachment":"scroll","background-type":"","background-media":"","overlay-type":"","overlay-color":"","overlay-opacity":"","overlay-gradient":""},"tablet":{"background-color":"var(--ast-global-color-5)","background-image":"","background-repeat":"repeat","background-position":"center center","background-size":"auto","background-attachment":"scroll","background-type":"","background-media":"","overlay-type":"","overlay-color":"","overlay-opacity":"","overlay-gradient":""},"mobile":{"background-color":"var(--ast-global-color-5)","background-image":"","background-repeat":"repeat","background-position":"center center","background-size":"auto","background-attachment":"scroll","background-type":"","background-media":"","overlay-type":"","overlay-color":"","overlay-opacity":"","overlay-gradient":""}}},"product_brand":[],"product_cat":[49],"product_tag":[],"class_list":{"0":"post-2521","1":"product","2":"type-product","3":"status-publish","4":"has-post-thumbnail","6":"product_cat-begimo-takeliai","7":"desktop-align-left","8":"tablet-align-left","9":"mobile-align-left","11":"first","12":"instock","13":"shipping-taxable","14":"purchasable","15":"product-type-simple"},"yoast_head":"<!-- This site is optimized with the Yoast SEO plugin v26.5 - https:\/\/yoast.com\/wordpress\/plugins\/seo\/ -->\n<title>B\u0117gimo takelis NORDICTRACK T 7.5 S - Cycle Shop Geriausi b\u0117gimo takeliai sportui namuose<\/title>\n<meta name=\"description\" content=\"B\u0117gimo takeliai namams: tyl\u016bs, galingi ir kompakti\u0161ki modeliai kasdien\u0117ms treniruot\u0117ms. I\u0161sirink tinkamiausi\u0105 savo tempui.\" \/>\n<meta name=\"robots\" content=\"noindex, follow, max-snippet:-1, max-image-preview:large, max-video-preview:-1\" \/>\n<meta property=\"og:locale\" content=\"en_US\" \/>\n<meta property=\"og:type\" content=\"article\" \/>\n<meta property=\"og:title\" content=\"B\u0117gimo takelis NORDICTRACK T 7.5 S - Cycle Shop Geriausi b\u0117gimo takeliai sportui namuose\" \/>\n<meta property=\"og:description\" content=\"B\u0117gimo takeliai namams: tyl\u016bs, galingi ir kompakti\u0161ki modeliai kasdien\u0117ms treniruot\u0117ms. I\u0161sirink tinkamiausi\u0105 savo tempui.\" \/>\n<meta property=\"og:url\" content=\"https:\/\/kursai.ryteryjutaveakim.com\/en\/product\/begimo-takelis-nordictrack-t-7-5-s\/\" \/>\n<meta property=\"og:site_name\" content=\"Cycle Shop\" \/>\n<meta property=\"article:modified_time\" content=\"2025-11-21T10:03:26+00:00\" \/>\n<meta property=\"og:image\" content=\"https:\/\/kursai.ryteryjutaveakim.com\/wp-content\/uploads\/2025\/11\/T-7.5-S-1.jpg\" \/>\n\t<meta property=\"og:image:width\" content=\"1000\" \/>\n\t<meta property=\"og:image:height\" content=\"1000\" \/>\n\t<meta property=\"og:image:type\" content=\"image\/jpeg\" \/>\n<meta name=\"twitter:card\" content=\"summary_large_image\" \/>\n<meta name=\"twitter:label1\" content=\"Est. reading time\" \/>\n\t<meta name=\"twitter:data1\" content=\"2 minutes\" \/>\n<script type=\"application\/ld+json\" class=\"yoast-schema-graph\">{\"@context\":\"https:\/\/schema.org\",\"@graph\":[{\"@type\":\"WebPage\",\"@id\":\"https:\/\/kursai.ryteryjutaveakim.com\/product\/begimo-takelis-nordictrack-t-7-5-s\/\",\"url\":\"https:\/\/kursai.ryteryjutaveakim.com\/product\/begimo-takelis-nordictrack-t-7-5-s\/\",\"name\":\"B\u0117gimo takelis NORDICTRACK T 7.5 S - Cycle Shop Geriausi b\u0117gimo takeliai sportui namuose\",\"isPartOf\":{\"@id\":\"https:\/\/kursai.ryteryjutaveakim.com\/#website\"},\"primaryImageOfPage\":{\"@id\":\"https:\/\/kursai.ryteryjutaveakim.com\/product\/begimo-takelis-nordictrack-t-7-5-s\/#primaryimage\"},\"image\":{\"@id\":\"https:\/\/kursai.ryteryjutaveakim.com\/product\/begimo-takelis-nordictrack-t-7-5-s\/#primaryimage\"},\"thumbnailUrl\":\"https:\/\/kursai.ryteryjutaveakim.com\/wp-content\/uploads\/2025\/11\/T-7.5-S-1.jpg\",\"datePublished\":\"2025-11-18T10:12:52+00:00\",\"dateModified\":\"2025-11-21T10:03:26+00:00\",\"description\":\"B\u0117gimo takeliai namams: tyl\u016bs, galingi ir kompakti\u0161ki modeliai kasdien\u0117ms treniruot\u0117ms. I\u0161sirink tinkamiausi\u0105 savo tempui.\",\"breadcrumb\":{\"@id\":\"https:\/\/kursai.ryteryjutaveakim.com\/product\/begimo-takelis-nordictrack-t-7-5-s\/#breadcrumb\"},\"inLanguage\":\"en-US\",\"potentialAction\":[{\"@type\":\"ReadAction\",\"target\":[\"https:\/\/kursai.ryteryjutaveakim.com\/product\/begimo-takelis-nordictrack-t-7-5-s\/\"]}]},{\"@type\":\"ImageObject\",\"inLanguage\":\"en-US\",\"@id\":\"https:\/\/kursai.ryteryjutaveakim.com\/product\/begimo-takelis-nordictrack-t-7-5-s\/#primaryimage\",\"url\":\"https:\/\/kursai.ryteryjutaveakim.com\/wp-content\/uploads\/2025\/11\/T-7.5-S-1.jpg\",\"contentUrl\":\"https:\/\/kursai.ryteryjutaveakim.com\/wp-content\/uploads\/2025\/11\/T-7.5-S-1.jpg\",\"width\":1000,\"height\":1000,\"caption\":\"B\u0117gimo takelis kardio treniruot\u0117ms namuose\"},{\"@type\":\"BreadcrumbList\",\"@id\":\"https:\/\/kursai.ryteryjutaveakim.com\/product\/begimo-takelis-nordictrack-t-7-5-s\/#breadcrumb\",\"itemListElement\":[{\"@type\":\"ListItem\",\"position\":1,\"name\":\"Home\",\"item\":\"https:\/\/kursai.ryteryjutaveakim.com\/\"},{\"@type\":\"ListItem\",\"position\":2,\"name\":\"Shop\",\"item\":\"https:\/\/kursai.ryteryjutaveakim.com\/shop-2\/\"},{\"@type\":\"ListItem\",\"position\":3,\"name\":\"B\u0117gimo takelis NORDICTRACK T 7.5 S\"}]},{\"@type\":\"WebSite\",\"@id\":\"https:\/\/kursai.ryteryjutaveakim.com\/#website\",\"url\":\"https:\/\/kursai.ryteryjutaveakim.com\/\",\"name\":\"Cycle Shop\",\"description\":\"Cycle Shop Website\",\"publisher\":{\"@id\":\"https:\/\/kursai.ryteryjutaveakim.com\/#organization\"},\"potentialAction\":[{\"@type\":\"SearchAction\",\"target\":{\"@type\":\"EntryPoint\",\"urlTemplate\":\"https:\/\/kursai.ryteryjutaveakim.com\/?s={search_term_string}\"},\"query-input\":{\"@type\":\"PropertyValueSpecification\",\"valueRequired\":true,\"valueName\":\"search_term_string\"}}],\"inLanguage\":\"en-US\"},{\"@type\":\"Organization\",\"@id\":\"https:\/\/kursai.ryteryjutaveakim.com\/#organization\",\"name\":\"Cycle Shop\",\"url\":\"https:\/\/kursai.ryteryjutaveakim.com\/\",\"logo\":{\"@type\":\"ImageObject\",\"inLanguage\":\"en-US\",\"@id\":\"https:\/\/kursai.ryteryjutaveakim.com\/#\/schema\/logo\/image\/\",\"url\":\"https:\/\/kursai.ryteryjutaveakim.com\/wp-content\/uploads\/2025\/11\/logo-sportuok-namuose1.jpg\",\"contentUrl\":\"https:\/\/kursai.ryteryjutaveakim.com\/wp-content\/uploads\/2025\/11\/logo-sportuok-namuose1.jpg\",\"width\":620,\"height\":620,\"caption\":\"Cycle Shop\"},\"image\":{\"@id\":\"https:\/\/kursai.ryteryjutaveakim.com\/#\/schema\/logo\/image\/\"}}]}<\/script>\n<!-- \/ Yoast SEO plugin. -->","yoast_head_json":{"title":"B\u0117gimo takelis NORDICTRACK T 7.5 S - Cycle Shop Geriausi b\u0117gimo takeliai sportui namuose","description":"B\u0117gimo takeliai namams: tyl\u016bs, galingi ir kompakti\u0161ki modeliai kasdien\u0117ms treniruot\u0117ms. I\u0161sirink tinkamiausi\u0105 savo tempui.","robots":{"index":"noindex","follow":"follow","max-snippet":"max-snippet:-1","max-image-preview":"max-image-preview:large","max-video-preview":"max-video-preview:-1"},"og_locale":"en_US","og_type":"article","og_title":"B\u0117gimo takelis NORDICTRACK T 7.5 S - Cycle Shop Geriausi b\u0117gimo takeliai sportui namuose","og_description":"B\u0117gimo takeliai namams: tyl\u016bs, galingi ir kompakti\u0161ki modeliai kasdien\u0117ms treniruot\u0117ms. I\u0161sirink tinkamiausi\u0105 savo tempui.","og_url":"https:\/\/kursai.ryteryjutaveakim.com\/en\/product\/begimo-takelis-nordictrack-t-7-5-s\/","og_site_name":"Cycle Shop","article_modified_time":"2025-11-21T10:03:26+00:00","og_image":[{"width":1000,"height":1000,"url":"https:\/\/kursai.ryteryjutaveakim.com\/wp-content\/uploads\/2025\/11\/T-7.5-S-1.jpg","type":"image\/jpeg"}],"twitter_card":"summary_large_image","twitter_misc":{"Est. reading time":"2 minutes"},"schema":{"@context":"https:\/\/schema.org","@graph":[{"@type":"WebPage","@id":"https:\/\/kursai.ryteryjutaveakim.com\/product\/begimo-takelis-nordictrack-t-7-5-s\/","url":"https:\/\/kursai.ryteryjutaveakim.com\/product\/begimo-takelis-nordictrack-t-7-5-s\/","name":"B\u0117gimo takelis NORDICTRACK T 7.5 S - Cycle Shop Geriausi b\u0117gimo takeliai sportui namuose","isPartOf":{"@id":"https:\/\/kursai.ryteryjutaveakim.com\/#website"},"primaryImageOfPage":{"@id":"https:\/\/kursai.ryteryjutaveakim.com\/product\/begimo-takelis-nordictrack-t-7-5-s\/#primaryimage"},"image":{"@id":"https:\/\/kursai.ryteryjutaveakim.com\/product\/begimo-takelis-nordictrack-t-7-5-s\/#primaryimage"},"thumbnailUrl":"https:\/\/kursai.ryteryjutaveakim.com\/wp-content\/uploads\/2025\/11\/T-7.5-S-1.jpg","datePublished":"2025-11-18T10:12:52+00:00","dateModified":"2025-11-21T10:03:26+00:00","description":"B\u0117gimo takeliai namams: tyl\u016bs, galingi ir kompakti\u0161ki modeliai kasdien\u0117ms treniruot\u0117ms. I\u0161sirink tinkamiausi\u0105 savo tempui.","breadcrumb":{"@id":"https:\/\/kursai.ryteryjutaveakim.com\/product\/begimo-takelis-nordictrack-t-7-5-s\/#breadcrumb"},"inLanguage":"en-US","potentialAction":[{"@type":"ReadAction","target":["https:\/\/kursai.ryteryjutaveakim.com\/product\/begimo-takelis-nordictrack-t-7-5-s\/"]}]},{"@type":"ImageObject","inLanguage":"en-US","@id":"https:\/\/kursai.ryteryjutaveakim.com\/product\/begimo-takelis-nordictrack-t-7-5-s\/#primaryimage","url":"https:\/\/kursai.ryteryjutaveakim.com\/wp-content\/uploads\/2025\/11\/T-7.5-S-1.jpg","contentUrl":"https:\/\/kursai.ryteryjutaveakim.com\/wp-content\/uploads\/2025\/11\/T-7.5-S-1.jpg","width":1000,"height":1000,"caption":"B\u0117gimo takelis kardio treniruot\u0117ms namuose"},{"@type":"BreadcrumbList","@id":"https:\/\/kursai.ryteryjutaveakim.com\/product\/begimo-takelis-nordictrack-t-7-5-s\/#breadcrumb","itemListElement":[{"@type":"ListItem","position":1,"name":"Home","item":"https:\/\/kursai.ryteryjutaveakim.com\/"},{"@type":"ListItem","position":2,"name":"Shop","item":"https:\/\/kursai.ryteryjutaveakim.com\/shop-2\/"},{"@type":"ListItem","position":3,"name":"B\u0117gimo takelis NORDICTRACK T 7.5 S"}]},{"@type":"WebSite","@id":"https:\/\/kursai.ryteryjutaveakim.com\/#website","url":"https:\/\/kursai.ryteryjutaveakim.com\/","name":"Cycle Shop","description":"Cycle Shop Website","publisher":{"@id":"https:\/\/kursai.ryteryjutaveakim.com\/#organization"},"potentialAction":[{"@type":"SearchAction","target":{"@type":"EntryPoint","urlTemplate":"https:\/\/kursai.ryteryjutaveakim.com\/?s={search_term_string}"},"query-input":{"@type":"PropertyValueSpecification","valueRequired":true,"valueName":"search_term_string"}}],"inLanguage":"en-US"},{"@type":"Organization","@id":"https:\/\/kursai.ryteryjutaveakim.com\/#organization","name":"Cycle Shop","url":"https:\/\/kursai.ryteryjutaveakim.com\/","logo":{"@type":"ImageObject","inLanguage":"en-US","@id":"https:\/\/kursai.ryteryjutaveakim.com\/#\/schema\/logo\/image\/","url":"https:\/\/kursai.ryteryjutaveakim.com\/wp-content\/uploads\/2025\/11\/logo-sportuok-namuose1.jpg","contentUrl":"https:\/\/kursai.ryteryjutaveakim.com\/wp-content\/uploads\/2025\/11\/logo-sportuok-namuose1.jpg","width":620,"height":620,"caption":"Cycle Shop"},"image":{"@id":"https:\/\/kursai.ryteryjutaveakim.com\/#\/schema\/logo\/image\/"}}]}},"_links":{"self":[{"href":"https:\/\/kursai.ryteryjutaveakim.com\/en\/wp-json\/wp\/v2\/product\/2521","targetHints":{"allow":["GET"]}}],"collection":[{"href":"https:\/\/kursai.ryteryjutaveakim.com\/en\/wp-json\/wp\/v2\/product"}],"about":[{"href":"https:\/\/kursai.ryteryjutaveakim.com\/en\/wp-json\/wp\/v2\/types\/product"}],"replies":[{"embeddable":true,"href":"https:\/\/kursai.ryteryjutaveakim.com\/en\/wp-json\/wp\/v2\/comments?post=2521"}],"wp:featuredmedia":[{"embeddable":true,"href":"https:\/\/kursai.ryteryjutaveakim.com\/en\/wp-json\/wp\/v2\/media\/2522"}],"wp:attachment":[{"href":"https:\/\/kursai.ryteryjutaveakim.com\/en\/wp-json\/wp\/v2\/media?parent=2521"}],"wp:term":[{"taxonomy":"product_brand","embeddable":true,"href":"https:\/\/kursai.ryteryjutaveakim.com\/en\/wp-json\/wp\/v2\/product_brand?post=2521"},{"taxonomy":"product_cat","embeddable":true,"href":"https:\/\/kursai.ryteryjutaveakim.com\/en\/wp-json\/wp\/v2\/product_cat?post=2521"},{"taxonomy":"product_tag","embeddable":true,"href":"https:\/\/kursai.ryteryjutaveakim.com\/en\/wp-json\/wp\/v2\/product_tag?post=2521"}],"curies":[{"name":"wp","href":"https:\/\/api.w.org\/{rel}","templated":true}]}}