{"id":2552,"date":"2025-11-18T10:56:22","date_gmt":"2025-11-18T10:56:22","guid":{"rendered":"https:\/\/kursai.ryteryjutaveakim.com\/?post_type=product&#038;p=2552"},"modified":"2025-11-18T10:56:22","modified_gmt":"2025-11-18T10:56:22","slug":"jegos-stakles-toorx-msx-60","status":"publish","type":"product","link":"https:\/\/kursai.ryteryjutaveakim.com\/en\/product\/jegos-stakles-toorx-msx-60\/","title":{"rendered":"J\u0117gos stakl\u0117s TOORX MSX-60"},"content":{"rendered":"<p><span data-sheets-root=\"1\">Nuo 1954 m. Garlando siekia apjungti pramon\u0117s tradicijas su nuolatin\u0117mis renovacijos ir naujovi\u0173 tendencijomis. Siekdamas geriausiai patenkinti klient\u0173 poilsio ir sporto reikalavimus, \u201eGarlando\u201c vis labiau \u0117m\u0117 pl\u0117toti lyderyst\u0119 sporto \u012frangos ir k\u016bno rengybos srityje, pristatydamas naujas produkt\u0173 linijas ir suk\u016br\u0119s ne vien\u0105 prek\u0117s \u017eenkl\u0105.<br \/>\nEuropoje u\u017eregistruotas \u201eGarlando\u201c prek\u0117s \u017eenklas \u201eToorx\u201c rodo, kad \u012fmon\u0117 dar labiau ple\u010dia savo akirat\u012f, pradedant nuo nam\u0173 sporto inventoriaus. \u201eToorx\u201c gaminiai pasi\u017eymi auk\u0161to lygio dizainu ir konstrukcija, pagamintu Italijoje, ir nuolat tiria inovatyvius sprendimus, kad atitikt\u0173 bet kokio tipo vartotoj\u0173 reikalavimus.<br \/>\n\u201eToorx\u201c gamini\u0173 asortimentas yra skirtas reikliai visuomenei, taip pat siekiant u\u017etikrinti kainos ir kokyb\u0117s santyk\u012f.<\/span><\/p>","protected":false},"excerpt":{"rendered":"<p><span data-sheets-root=\"1\">Daugiafunkcinis j\u0117gos treniruoklis, su kuriuo galima atlikti daug pratim\u0173 \u012fvairioms raumen\u0173 grup\u0117ms. Daugiafunkcinis treniruoklis MSX-60 &#8211; 70 kg svorio stela\u017eai, taupantis viet\u0105.<\/span><\/p>","protected":false},"featured_media":2553,"comment_status":"open","ping_status":"closed","template":"","meta":{"site-sidebar-layout":"default","site-content-layout":"","ast-site-content-layout":"default","site-content-style":"default","site-sidebar-style":"default","ast-global-header-display":"","ast-banner-title-visibility":"","ast-main-header-display":"","ast-hfb-above-header-display":"","ast-hfb-below-header-display":"","ast-hfb-mobile-header-display":"","site-post-title":"","ast-breadcrumbs-content":"","ast-featured-img":"","footer-sml-layout":"","theme-transparent-header-meta":"default","adv-header-id-meta":"","stick-header-meta":"","header-above-stick-meta":"","header-main-stick-meta":"","header-below-stick-meta":"","astra-migrate-meta-layouts":"set","ast-page-background-enabled":"default","ast-page-background-meta":{"desktop":{"background-color":"","background-image":"","background-repeat":"repeat","background-position":"center center","background-size":"auto","background-attachment":"scroll","background-type":"","background-media":"","overlay-type":"","overlay-color":"","overlay-opacity":"","overlay-gradient":""},"tablet":{"background-color":"","background-image":"","background-repeat":"repeat","background-position":"center center","background-size":"auto","background-attachment":"scroll","background-type":"","background-media":"","overlay-type":"","overlay-color":"","overlay-opacity":"","overlay-gradient":""},"mobile":{"background-color":"","background-image":"","background-repeat":"repeat","background-position":"center center","background-size":"auto","background-attachment":"scroll","background-type":"","background-media":"","overlay-type":"","overlay-color":"","overlay-opacity":"","overlay-gradient":""}},"ast-content-background-meta":{"desktop":{"background-color":"var(--ast-global-color-5)","background-image":"","background-repeat":"repeat","background-position":"center center","background-size":"auto","background-attachment":"scroll","background-type":"","background-media":"","overlay-type":"","overlay-color":"","overlay-opacity":"","overlay-gradient":""},"tablet":{"background-color":"var(--ast-global-color-5)","background-image":"","background-repeat":"repeat","background-position":"center center","background-size":"auto","background-attachment":"scroll","background-type":"","background-media":"","overlay-type":"","overlay-color":"","overlay-opacity":"","overlay-gradient":""},"mobile":{"background-color":"var(--ast-global-color-5)","background-image":"","background-repeat":"repeat","background-position":"center center","background-size":"auto","background-attachment":"scroll","background-type":"","background-media":"","overlay-type":"","overlay-color":"","overlay-opacity":"","overlay-gradient":""}}},"product_brand":[],"product_cat":[47],"product_tag":[],"class_list":{"0":"post-2552","1":"product","2":"type-product","3":"status-publish","4":"has-post-thumbnail","6":"product_cat-jegos-treniruokliai","7":"desktop-align-left","8":"tablet-align-left","9":"mobile-align-left","11":"first","12":"instock","13":"shipping-taxable","14":"purchasable","15":"product-type-simple"},"yoast_head":"<!-- This site is optimized with the Yoast SEO plugin v26.5 - https:\/\/yoast.com\/wordpress\/plugins\/seo\/ -->\n<title>J\u0117gos stakl\u0117s TOORX MSX-60<\/title>\n<meta name=\"description\" content=\"Daugiafunkcinis j\u0117gos treniruoklis, su kuriuo galima atlikti daug pratim\u0173 \u012fvairioms raumen\u0173 grup\u0117ms. Daugiafunkcinis treniruoklis MSX-60 - 70 kg svorio stela\u017eai, taupantis viet\u0105.\" \/>\n<meta name=\"robots\" content=\"noindex, follow, max-snippet:-1, max-image-preview:large, max-video-preview:-1\" \/>\n<meta property=\"og:locale\" content=\"en_US\" \/>\n<meta property=\"og:type\" content=\"article\" \/>\n<meta property=\"og:title\" content=\"J\u0117gos stakl\u0117s TOORX MSX-60\" \/>\n<meta property=\"og:description\" content=\"Daugiafunkcinis j\u0117gos treniruoklis, su kuriuo galima atlikti daug pratim\u0173 \u012fvairioms raumen\u0173 grup\u0117ms. Daugiafunkcinis treniruoklis MSX-60 - 70 kg svorio stela\u017eai, taupantis viet\u0105.\" \/>\n<meta property=\"og:url\" content=\"https:\/\/kursai.ryteryjutaveakim.com\/en\/product\/jegos-stakles-toorx-msx-60\/\" \/>\n<meta property=\"og:site_name\" content=\"Cycle Shop\" \/>\n<meta property=\"og:image\" content=\"https:\/\/kursai.ryteryjutaveakim.com\/wp-content\/uploads\/2025\/11\/MSX-60-1.jpg\" \/>\n\t<meta property=\"og:image:width\" content=\"1000\" \/>\n\t<meta property=\"og:image:height\" content=\"1000\" \/>\n\t<meta property=\"og:image:type\" content=\"image\/jpeg\" \/>\n<meta name=\"twitter:card\" content=\"summary_large_image\" \/>\n<meta name=\"twitter:label1\" content=\"Est. reading time\" \/>\n\t<meta name=\"twitter:data1\" content=\"1 minute\" \/>\n<script type=\"application\/ld+json\" class=\"yoast-schema-graph\">{\"@context\":\"https:\/\/schema.org\",\"@graph\":[{\"@type\":\"WebPage\",\"@id\":\"https:\/\/kursai.ryteryjutaveakim.com\/product\/jegos-stakles-toorx-msx-60\/\",\"url\":\"https:\/\/kursai.ryteryjutaveakim.com\/product\/jegos-stakles-toorx-msx-60\/\",\"name\":\"J\u0117gos stakl\u0117s TOORX MSX-60\",\"isPartOf\":{\"@id\":\"https:\/\/kursai.ryteryjutaveakim.com\/#website\"},\"primaryImageOfPage\":{\"@id\":\"https:\/\/kursai.ryteryjutaveakim.com\/product\/jegos-stakles-toorx-msx-60\/#primaryimage\"},\"image\":{\"@id\":\"https:\/\/kursai.ryteryjutaveakim.com\/product\/jegos-stakles-toorx-msx-60\/#primaryimage\"},\"thumbnailUrl\":\"https:\/\/kursai.ryteryjutaveakim.com\/wp-content\/uploads\/2025\/11\/MSX-60-1.jpg\",\"datePublished\":\"2025-11-18T10:56:22+00:00\",\"description\":\"Daugiafunkcinis j\u0117gos treniruoklis, su kuriuo galima atlikti daug pratim\u0173 \u012fvairioms raumen\u0173 grup\u0117ms. Daugiafunkcinis treniruoklis MSX-60 - 70 kg svorio stela\u017eai, taupantis viet\u0105.\",\"breadcrumb\":{\"@id\":\"https:\/\/kursai.ryteryjutaveakim.com\/product\/jegos-stakles-toorx-msx-60\/#breadcrumb\"},\"inLanguage\":\"en-US\",\"potentialAction\":[{\"@type\":\"ReadAction\",\"target\":[\"https:\/\/kursai.ryteryjutaveakim.com\/product\/jegos-stakles-toorx-msx-60\/\"]}]},{\"@type\":\"ImageObject\",\"inLanguage\":\"en-US\",\"@id\":\"https:\/\/kursai.ryteryjutaveakim.com\/product\/jegos-stakles-toorx-msx-60\/#primaryimage\",\"url\":\"https:\/\/kursai.ryteryjutaveakim.com\/wp-content\/uploads\/2025\/11\/MSX-60-1.jpg\",\"contentUrl\":\"https:\/\/kursai.ryteryjutaveakim.com\/wp-content\/uploads\/2025\/11\/MSX-60-1.jpg\",\"width\":1000,\"height\":1000,\"caption\":\"J\u0117gos stakl\u0117s nam\u0173 treniruot\u0117ms\"},{\"@type\":\"BreadcrumbList\",\"@id\":\"https:\/\/kursai.ryteryjutaveakim.com\/product\/jegos-stakles-toorx-msx-60\/#breadcrumb\",\"itemListElement\":[{\"@type\":\"ListItem\",\"position\":1,\"name\":\"Home\",\"item\":\"https:\/\/kursai.ryteryjutaveakim.com\/\"},{\"@type\":\"ListItem\",\"position\":2,\"name\":\"Shop\",\"item\":\"https:\/\/kursai.ryteryjutaveakim.com\/shop-2\/\"},{\"@type\":\"ListItem\",\"position\":3,\"name\":\"J\u0117gos stakl\u0117s TOORX MSX-60\"}]},{\"@type\":\"WebSite\",\"@id\":\"https:\/\/kursai.ryteryjutaveakim.com\/#website\",\"url\":\"https:\/\/kursai.ryteryjutaveakim.com\/\",\"name\":\"Cycle Shop\",\"description\":\"Cycle Shop Website\",\"publisher\":{\"@id\":\"https:\/\/kursai.ryteryjutaveakim.com\/#organization\"},\"potentialAction\":[{\"@type\":\"SearchAction\",\"target\":{\"@type\":\"EntryPoint\",\"urlTemplate\":\"https:\/\/kursai.ryteryjutaveakim.com\/?s={search_term_string}\"},\"query-input\":{\"@type\":\"PropertyValueSpecification\",\"valueRequired\":true,\"valueName\":\"search_term_string\"}}],\"inLanguage\":\"en-US\"},{\"@type\":\"Organization\",\"@id\":\"https:\/\/kursai.ryteryjutaveakim.com\/#organization\",\"name\":\"Cycle Shop\",\"url\":\"https:\/\/kursai.ryteryjutaveakim.com\/\",\"logo\":{\"@type\":\"ImageObject\",\"inLanguage\":\"en-US\",\"@id\":\"https:\/\/kursai.ryteryjutaveakim.com\/#\/schema\/logo\/image\/\",\"url\":\"https:\/\/kursai.ryteryjutaveakim.com\/wp-content\/uploads\/2025\/11\/logo-sportuok-namuose1.jpg\",\"contentUrl\":\"https:\/\/kursai.ryteryjutaveakim.com\/wp-content\/uploads\/2025\/11\/logo-sportuok-namuose1.jpg\",\"width\":620,\"height\":620,\"caption\":\"Cycle Shop\"},\"image\":{\"@id\":\"https:\/\/kursai.ryteryjutaveakim.com\/#\/schema\/logo\/image\/\"}}]}<\/script>\n<!-- \/ Yoast SEO plugin. -->","yoast_head_json":{"title":"J\u0117gos stakl\u0117s TOORX MSX-60","description":"Daugiafunkcinis j\u0117gos treniruoklis, su kuriuo galima atlikti daug pratim\u0173 \u012fvairioms raumen\u0173 grup\u0117ms. Daugiafunkcinis treniruoklis MSX-60 - 70 kg svorio stela\u017eai, taupantis viet\u0105.","robots":{"index":"noindex","follow":"follow","max-snippet":"max-snippet:-1","max-image-preview":"max-image-preview:large","max-video-preview":"max-video-preview:-1"},"og_locale":"en_US","og_type":"article","og_title":"J\u0117gos stakl\u0117s TOORX MSX-60","og_description":"Daugiafunkcinis j\u0117gos treniruoklis, su kuriuo galima atlikti daug pratim\u0173 \u012fvairioms raumen\u0173 grup\u0117ms. Daugiafunkcinis treniruoklis MSX-60 - 70 kg svorio stela\u017eai, taupantis viet\u0105.","og_url":"https:\/\/kursai.ryteryjutaveakim.com\/en\/product\/jegos-stakles-toorx-msx-60\/","og_site_name":"Cycle Shop","og_image":[{"width":1000,"height":1000,"url":"https:\/\/kursai.ryteryjutaveakim.com\/wp-content\/uploads\/2025\/11\/MSX-60-1.jpg","type":"image\/jpeg"}],"twitter_card":"summary_large_image","twitter_misc":{"Est. reading time":"1 minute"},"schema":{"@context":"https:\/\/schema.org","@graph":[{"@type":"WebPage","@id":"https:\/\/kursai.ryteryjutaveakim.com\/product\/jegos-stakles-toorx-msx-60\/","url":"https:\/\/kursai.ryteryjutaveakim.com\/product\/jegos-stakles-toorx-msx-60\/","name":"J\u0117gos stakl\u0117s TOORX MSX-60","isPartOf":{"@id":"https:\/\/kursai.ryteryjutaveakim.com\/#website"},"primaryImageOfPage":{"@id":"https:\/\/kursai.ryteryjutaveakim.com\/product\/jegos-stakles-toorx-msx-60\/#primaryimage"},"image":{"@id":"https:\/\/kursai.ryteryjutaveakim.com\/product\/jegos-stakles-toorx-msx-60\/#primaryimage"},"thumbnailUrl":"https:\/\/kursai.ryteryjutaveakim.com\/wp-content\/uploads\/2025\/11\/MSX-60-1.jpg","datePublished":"2025-11-18T10:56:22+00:00","description":"Daugiafunkcinis j\u0117gos treniruoklis, su kuriuo galima atlikti daug pratim\u0173 \u012fvairioms raumen\u0173 grup\u0117ms. Daugiafunkcinis treniruoklis MSX-60 - 70 kg svorio stela\u017eai, taupantis viet\u0105.","breadcrumb":{"@id":"https:\/\/kursai.ryteryjutaveakim.com\/product\/jegos-stakles-toorx-msx-60\/#breadcrumb"},"inLanguage":"en-US","potentialAction":[{"@type":"ReadAction","target":["https:\/\/kursai.ryteryjutaveakim.com\/product\/jegos-stakles-toorx-msx-60\/"]}]},{"@type":"ImageObject","inLanguage":"en-US","@id":"https:\/\/kursai.ryteryjutaveakim.com\/product\/jegos-stakles-toorx-msx-60\/#primaryimage","url":"https:\/\/kursai.ryteryjutaveakim.com\/wp-content\/uploads\/2025\/11\/MSX-60-1.jpg","contentUrl":"https:\/\/kursai.ryteryjutaveakim.com\/wp-content\/uploads\/2025\/11\/MSX-60-1.jpg","width":1000,"height":1000,"caption":"J\u0117gos stakl\u0117s nam\u0173 treniruot\u0117ms"},{"@type":"BreadcrumbList","@id":"https:\/\/kursai.ryteryjutaveakim.com\/product\/jegos-stakles-toorx-msx-60\/#breadcrumb","itemListElement":[{"@type":"ListItem","position":1,"name":"Home","item":"https:\/\/kursai.ryteryjutaveakim.com\/"},{"@type":"ListItem","position":2,"name":"Shop","item":"https:\/\/kursai.ryteryjutaveakim.com\/shop-2\/"},{"@type":"ListItem","position":3,"name":"J\u0117gos stakl\u0117s TOORX MSX-60"}]},{"@type":"WebSite","@id":"https:\/\/kursai.ryteryjutaveakim.com\/#website","url":"https:\/\/kursai.ryteryjutaveakim.com\/","name":"Cycle Shop","description":"Cycle Shop Website","publisher":{"@id":"https:\/\/kursai.ryteryjutaveakim.com\/#organization"},"potentialAction":[{"@type":"SearchAction","target":{"@type":"EntryPoint","urlTemplate":"https:\/\/kursai.ryteryjutaveakim.com\/?s={search_term_string}"},"query-input":{"@type":"PropertyValueSpecification","valueRequired":true,"valueName":"search_term_string"}}],"inLanguage":"en-US"},{"@type":"Organization","@id":"https:\/\/kursai.ryteryjutaveakim.com\/#organization","name":"Cycle Shop","url":"https:\/\/kursai.ryteryjutaveakim.com\/","logo":{"@type":"ImageObject","inLanguage":"en-US","@id":"https:\/\/kursai.ryteryjutaveakim.com\/#\/schema\/logo\/image\/","url":"https:\/\/kursai.ryteryjutaveakim.com\/wp-content\/uploads\/2025\/11\/logo-sportuok-namuose1.jpg","contentUrl":"https:\/\/kursai.ryteryjutaveakim.com\/wp-content\/uploads\/2025\/11\/logo-sportuok-namuose1.jpg","width":620,"height":620,"caption":"Cycle Shop"},"image":{"@id":"https:\/\/kursai.ryteryjutaveakim.com\/#\/schema\/logo\/image\/"}}]}},"_links":{"self":[{"href":"https:\/\/kursai.ryteryjutaveakim.com\/en\/wp-json\/wp\/v2\/product\/2552","targetHints":{"allow":["GET"]}}],"collection":[{"href":"https:\/\/kursai.ryteryjutaveakim.com\/en\/wp-json\/wp\/v2\/product"}],"about":[{"href":"https:\/\/kursai.ryteryjutaveakim.com\/en\/wp-json\/wp\/v2\/types\/product"}],"replies":[{"embeddable":true,"href":"https:\/\/kursai.ryteryjutaveakim.com\/en\/wp-json\/wp\/v2\/comments?post=2552"}],"wp:featuredmedia":[{"embeddable":true,"href":"https:\/\/kursai.ryteryjutaveakim.com\/en\/wp-json\/wp\/v2\/media\/2553"}],"wp:attachment":[{"href":"https:\/\/kursai.ryteryjutaveakim.com\/en\/wp-json\/wp\/v2\/media?parent=2552"}],"wp:term":[{"taxonomy":"product_brand","embeddable":true,"href":"https:\/\/kursai.ryteryjutaveakim.com\/en\/wp-json\/wp\/v2\/product_brand?post=2552"},{"taxonomy":"product_cat","embeddable":true,"href":"https:\/\/kursai.ryteryjutaveakim.com\/en\/wp-json\/wp\/v2\/product_cat?post=2552"},{"taxonomy":"product_tag","embeddable":true,"href":"https:\/\/kursai.ryteryjutaveakim.com\/en\/wp-json\/wp\/v2\/product_tag?post=2552"}],"curies":[{"name":"wp","href":"https:\/\/api.w.org\/{rel}","templated":true}]}}